
{"id":9,"date":"2016-03-02T12:32:28","date_gmt":"2016-03-02T11:32:28","guid":{"rendered":"http:\/\/louis11.com\/?page_id=9"},"modified":"2023-10-25T09:24:19","modified_gmt":"2023-10-25T08:24:19","slug":"chambres","status":"publish","type":"page","link":"https:\/\/louis11.com\/en\/rooms\/","title":{"rendered":"Rooms"},"content":{"rendered":"<p><div class=\"eight mobile-eight columns\" style=\"padding-left: 0px;\"><p>Our <b>15 rooms and suites<\/b> all with a touch of originality, are still stamped with the cachet of a residence that dates back to the 15th century, the Meung sur Loire of Joan of Arc and Louis XI. Sun-drenched, furnished and decorated with the utmost care, they will leave you dreaming.<\/p>\n<p>The rooms offer a view of the Loire. The hotel is accessible to people with reduced mobility, and one room is available.<\/p>\n<p>The staff speak English and French. <\/p>\n<p>No lift.<br \/>\n<\/p><\/div><div class=\"four mobile-four columns\" style=\"padding-left: 0px;\"><p><span style=\"line-height: 1.5;\"><img loading=\"lazy\" decoding=\"async\" class=\"alignnone size-full wp-image-245\" src=\"\/wp-content\/uploads\/2016\/03\/check.white_-e1457007000781.png\" alt=\"check.white_\" width=\"15\" height=\"14\" \/> Flat screen TV <\/span><\/p>\n<p><span style=\"line-height: 1.5;\"><img loading=\"lazy\" decoding=\"async\" class=\"alignnone size-full wp-image-245\" src=\"\/wp-content\/uploads\/2016\/03\/check.white_-e1457007000781.png\" alt=\"check.white_\" width=\"15\" height=\"14\" \/> free WiFi access<\/span><\/p>\n<p><span style=\"line-height: 1.5;\"><img loading=\"lazy\" decoding=\"async\" class=\"alignnone size-full wp-image-245\" src=\"\/wp-content\/uploads\/2016\/03\/check.white_-e1457007000781.png\" alt=\"check.white_\" width=\"15\" height=\"14\" \/> phone\u00a0<\/span><\/p>\n<p><span style=\"line-height: 1.5;\"><img loading=\"lazy\" decoding=\"async\" class=\"alignnone size-full wp-image-245\" src=\"\/wp-content\/uploads\/2016\/03\/check.white_-e1457007000781.png\" alt=\"check.white_\" width=\"15\" height=\"14\" \/> private bathroom. <\/span><\/p><\/div><br \/>\n<\/br><\/p>\n<p style=\"text-align: center;\"><a class=\"butn\" href=\"https:\/\/www.secure-direct-hotel-booking.com\/module_booking_engine\/index.php?id_etab=9fdeb4dc42b9ae4c61c9ff7e0b0857b8&langue=francais\" target=\"_blank\">SEE AVAILABILITY<\/a>\n<\/p>\n<p>&nbsp;<br \/>\n<img loading=\"lazy\" decoding=\"async\" src=\"\/wp-content\/uploads\/2016\/03\/MEILLEURSTARIFS-1.png\" alt=\"BESTPRICES\" width=\"190\" height=\"66\" class=\"alignleft size-full wp-image-609\" \/> <img loading=\"lazy\" decoding=\"async\" src=\"\/wp-content\/uploads\/2016\/03\/20150601103632.png\" alt=\"Logo logis relais Louis 11\" width=\"160\" height=\"93\" class=\"size-full alignright wp-image-231\" \/> <\/p>\n<p><\/br><br \/>\n\t\t<!-- Gallery with PrettyPhoto plugin -->\n\t\t<div class=\"row assorted\">\t\t\t\t\n\n\t\t\t \t\t\t<div class=\"four columns mobile-four mobile-fullwidth\">\t\n\t\t\t <div class=\"row\">\n\t\t\t\t<div class=\"twelve columns\">\n\t\t\t\t\n\t\t\t\t\t<h3><!-- No Titles --><\/h3>\t\t\t\t\t\n\t\t\t\t\t<!-- Portfolio post-thumb gallery -->\n\t\t\t\t\t\t<div class=\"portfolio_thumb\"><br \/>\n<b>Warning<\/b>Use of undefined constant ASC - assumed 'ASC' (this will throw an Error in a future version of PHP) in <b>\/home\/clients\/cc0a713676e1fdb0ab4dbd3fecd5b280\/louis11\/wp-content\/themes\/louis11\/lib\/portfolio\/portfolio-functions.php<\/b> on line <b>147<\/b><br \/>\n<br \/>\n<b>Warning<\/b>: count(): Parameter must be an array or an object that implements Countable in <b>\/home\/clients\/cc0a713676e1fdb0ab4dbd3fecd5b280\/louis11\/wp-content\/themes\/louis11\/lib\/general.php<\/b> on line <b>510<\/b><br \/>\n<a rel=\"prettyPhoto[gallery-719]\" title=\"View of the Loire\" href=\"https:\/\/louis11.com\/wp-content\/uploads\/2016\/03\/2016-03-01-17.06.05.jpg\" class=\"image gallery_3col\"><img decoding=\"async\" src=\"https:\/\/louis11.com\/wp-content\/uploads\/2016\/03\/2016-03-01-17.06.05-400x250.jpg\"  title=\"view room\"><\/a><\/div>\n\t\t\t\t\t<!-- END Portfolio post-thumb gallery -->\n\n\t\t\t\t\t <!--BEGIN excerpt content -->\n\t\t\t\t\t \t\n\t\t\t\t\t <!--END excerpt content -->\n\n\t\t\t\t\t\n\t\t\t\t  <\/div>\n\t\t\t\t <\/div>\n\t\t\t\t<\/div>\n\t\t\t\t\t\t\t<div class=\"four columns mobile-four mobile-fullwidth\">\t\n\t\t\t <div class=\"row\">\n\t\t\t\t<div class=\"twelve columns\">\n\t\t\t\t\n\t\t\t\t\t<h3><!-- No Titles --><\/h3>\t\t\t\t\t\n\t\t\t\t\t<!-- Portfolio post-thumb gallery -->\n\t\t\t\t\t\t<div class=\"portfolio_thumb\"><br \/>\n<b>Warning<\/b>Use of undefined constant ASC - assumed 'ASC' (this will throw an Error in a future version of PHP) in <b>\/home\/clients\/cc0a713676e1fdb0ab4dbd3fecd5b280\/louis11\/wp-content\/themes\/louis11\/lib\/portfolio\/portfolio-functions.php<\/b> on line <b>147<\/b><br \/>\n<br \/>\n<b>Warning<\/b>: count(): Parameter must be an array or an object that implements Countable in <b>\/home\/clients\/cc0a713676e1fdb0ab4dbd3fecd5b280\/louis11\/wp-content\/themes\/louis11\/lib\/general.php<\/b> on line <b>510<\/b><br \/>\n<a rel=\"prettyPhoto[gallery-547]\" title=\"41\" href=\"https:\/\/louis11.com\/wp-content\/uploads\/2016\/03\/41.jpg\" class=\"image gallery_3col\"><img decoding=\"async\" src=\"https:\/\/louis11.com\/wp-content\/uploads\/2016\/03\/41-400x250.jpg\"  title=\"bedroom 4\"><\/a><\/div>\n\t\t\t\t\t<!-- END Portfolio post-thumb gallery -->\n\n\t\t\t\t\t <!--BEGIN excerpt content -->\n\t\t\t\t\t \t\n\t\t\t\t\t <!--END excerpt content -->\n\n\t\t\t\t\t\n\t\t\t\t  <\/div>\n\t\t\t\t <\/div>\n\t\t\t\t<\/div>\n\t\t\t\t\t\t\t<div class=\"four columns mobile-four mobile-fullwidth\">\t\n\t\t\t <div class=\"row\">\n\t\t\t\t<div class=\"twelve columns\">\n\t\t\t\t\n\t\t\t\t\t<h3><!-- No Titles --><\/h3>\t\t\t\t\t\n\t\t\t\t\t<!-- Portfolio post-thumb gallery -->\n\t\t\t\t\t\t<div class=\"portfolio_thumb\"><br \/>\n<b>Warning<\/b>Use of undefined constant ASC - assumed 'ASC' (this will throw an Error in a future version of PHP) in <b>\/home\/clients\/cc0a713676e1fdb0ab4dbd3fecd5b280\/louis11\/wp-content\/themes\/louis11\/lib\/portfolio\/portfolio-functions.php<\/b> on line <b>147<\/b><br \/>\n<br \/>\n<b>Warning<\/b>: count(): Parameter must be an array or an object that implements Countable in <b>\/home\/clients\/cc0a713676e1fdb0ab4dbd3fecd5b280\/louis11\/wp-content\/themes\/louis11\/lib\/general.php<\/b> on line <b>510<\/b><br \/>\n<a rel=\"prettyPhoto[gallery-333]\" title=\"Rooms_Louis XI-1603 (8)\" href=\"https:\/\/louis11.com\/wp-content\/uploads\/2016\/03\/Chambres_Louis-XI-1603-8.jpg\" class=\"image gallery_3col\"><img decoding=\"async\" src=\"https:\/\/louis11.com\/wp-content\/uploads\/2016\/03\/Chambres_Louis-XI-1603-8-400x250.jpg\"  title=\"bedroom 2\"><\/a><\/div>\n\t\t\t\t\t<!-- END Portfolio post-thumb gallery -->\n\n\t\t\t\t\t <!--BEGIN excerpt content -->\n\t\t\t\t\t \t\n\t\t\t\t\t <!--END excerpt content -->\n\n\t\t\t\t\t\n\t\t\t\t  <\/div>\n\t\t\t\t <\/div>\n\t\t\t\t<\/div>\n\t\t\t\t\t\t\t<div class=\"four columns mobile-four mobile-fullwidth\">\t\n\t\t\t <div class=\"row\">\n\t\t\t\t<div class=\"twelve columns\">\n\t\t\t\t\n\t\t\t\t\t<h3><!-- No Titles --><\/h3>\t\t\t\t\t\n\t\t\t\t\t<!-- Portfolio post-thumb gallery -->\n\t\t\t\t\t\t<div class=\"portfolio_thumb\"><br \/>\n<b>Warning<\/b>Use of undefined constant ASC - assumed 'ASC' (this will throw an Error in a future version of PHP) in <b>\/home\/clients\/cc0a713676e1fdb0ab4dbd3fecd5b280\/louis11\/wp-content\/themes\/louis11\/lib\/portfolio\/portfolio-functions.php<\/b> on line <b>147<\/b><br \/>\n<br \/>\n<b>Warning<\/b>: count(): Parameter must be an array or an object that implements Countable in <b>\/home\/clients\/cc0a713676e1fdb0ab4dbd3fecd5b280\/louis11\/wp-content\/themes\/louis11\/lib\/general.php<\/b> on line <b>510<\/b><br \/>\n<a rel=\"prettyPhoto[gallery-331]\" title=\"Rooms louis 11\" href=\"https:\/\/louis11.com\/wp-content\/uploads\/2016\/03\/Chambres_Louis-XI-1603-27.jpg\" class=\"image gallery_3col\"><img decoding=\"async\" src=\"https:\/\/louis11.com\/wp-content\/uploads\/2016\/03\/Chambres_Louis-XI-1603-27-400x250.jpg\"  title=\"Bedroom 3\"><\/a><\/div>\n\t\t\t\t\t<!-- END Portfolio post-thumb gallery -->\n\n\t\t\t\t\t <!--BEGIN excerpt content -->\n\t\t\t\t\t \t\n\t\t\t\t\t <!--END excerpt content -->\n\n\t\t\t\t\t\n\t\t\t\t  <\/div>\n\t\t\t\t <\/div>\n\t\t\t\t<\/div>\n\t\t\t\t\t\t\t<div class=\"four columns mobile-four mobile-fullwidth\">\t\n\t\t\t <div class=\"row\">\n\t\t\t\t<div class=\"twelve columns\">\n\t\t\t\t\n\t\t\t\t\t<h3><!-- No Titles --><\/h3>\t\t\t\t\t\n\t\t\t\t\t<!-- Portfolio post-thumb gallery -->\n\t\t\t\t\t\t<div class=\"portfolio_thumb\"><br \/>\n<b>Warning<\/b>Use of undefined constant ASC - assumed 'ASC' (this will throw an Error in a future version of PHP) in <b>\/home\/clients\/cc0a713676e1fdb0ab4dbd3fecd5b280\/louis11\/wp-content\/themes\/louis11\/lib\/portfolio\/portfolio-functions.php<\/b> on line <b>147<\/b><br \/>\n<br \/>\n<b>Warning<\/b>: count(): Parameter must be an array or an object that implements Countable in <b>\/home\/clients\/cc0a713676e1fdb0ab4dbd3fecd5b280\/louis11\/wp-content\/themes\/louis11\/lib\/general.php<\/b> on line <b>510<\/b><br \/>\n<a rel=\"prettyPhoto[gallery-330]\" title=\"Rooms_Louis XI-1603 (19)\" href=\"https:\/\/louis11.com\/wp-content\/uploads\/2016\/03\/Chambres_Louis-XI-1603-19-1.jpg\" class=\"image gallery_3col\"><img decoding=\"async\" src=\"https:\/\/louis11.com\/wp-content\/uploads\/2016\/03\/Chambres_Louis-XI-1603-19-1-400x250.jpg\"  title=\"Bedroom 1 bathroom\"><\/a><\/div>\n\t\t\t\t\t<!-- END Portfolio post-thumb gallery -->\n\n\t\t\t\t\t <!--BEGIN excerpt content -->\n\t\t\t\t\t \t\n\t\t\t\t\t <!--END excerpt content -->\n\n\t\t\t\t\t\n\t\t\t\t  <\/div>\n\t\t\t\t <\/div>\n\t\t\t\t<\/div>\n\t\t\t\t\t\t\t<div class=\"four columns mobile-four mobile-fullwidth\">\t\n\t\t\t <div class=\"row\">\n\t\t\t\t<div class=\"twelve columns\">\n\t\t\t\t\n\t\t\t\t\t<h3><!-- No Titles --><\/h3>\t\t\t\t\t\n\t\t\t\t\t<!-- Portfolio post-thumb gallery -->\n\t\t\t\t\t\t<div class=\"portfolio_thumb\"><br \/>\n<b>Warning<\/b>Use of undefined constant ASC - assumed 'ASC' (this will throw an Error in a future version of PHP) in <b>\/home\/clients\/cc0a713676e1fdb0ab4dbd3fecd5b280\/louis11\/wp-content\/themes\/louis11\/lib\/portfolio\/portfolio-functions.php<\/b> on line <b>147<\/b><br \/>\n<br \/>\n<b>Warning<\/b>: count(): Parameter must be an array or an object that implements Countable in <b>\/home\/clients\/cc0a713676e1fdb0ab4dbd3fecd5b280\/louis11\/wp-content\/themes\/louis11\/lib\/general.php<\/b> on line <b>510<\/b><br \/>\n<a rel=\"prettyPhoto[gallery-328]\" title=\"RoomsLouis XI\" href=\"https:\/\/louis11.com\/wp-content\/uploads\/2016\/03\/Chambres_Louis-XI-1603-24.jpg\" class=\"image gallery_3col\"><img decoding=\"async\" src=\"https:\/\/louis11.com\/wp-content\/uploads\/2016\/03\/Chambres_Louis-XI-1603-24-400x250.jpg\"  title=\"Bedroom 1\"><\/a><\/div>\n\t\t\t\t\t<!-- END Portfolio post-thumb gallery -->\n\n\t\t\t\t\t <!--BEGIN excerpt content -->\n\t\t\t\t\t \t\n\t\t\t\t\t <!--END excerpt content -->\n\n\t\t\t\t\t\n\t\t\t\t  <\/div>\n\t\t\t\t <\/div>\n\t\t\t\t<\/div>\n\t\t\t\t\t\t\t\t\t\t\t\t\t\t\n\t\t\t\t\n\t  <\/div> <!-- end row assorted -->\t\n\t<!-- End Gallery with PrettyPhoto plugin -->\n\n\n\t<\/p>","protected":false},"excerpt":{"rendered":"<p>&nbsp;<\/p>","protected":false},"author":1,"featured_media":0,"parent":0,"menu_order":0,"comment_status":"closed","ping_status":"closed","template":"","meta":{"footnotes":""},"yoast_head":"<!-- This site is optimized with the Yoast SEO plugin v22.9 - https:\/\/yoast.com\/wordpress\/plugins\/seo\/ -->\n<title>H\u00f4tel Restaurant Le Relais Louis XI - Chambres et Suites<\/title>\n<meta name=\"description\" content=\"D\u00e9couvrez nos 16 chambres et suites avec vue sur la Loire ou vue sur Jardin. Nos chambres sont toutes d\u00e9cor\u00e9es originalement et spacieuses.\" \/>\n<meta name=\"robots\" content=\"index, follow, max-snippet:-1, max-image-preview:large, max-video-preview:-1\" \/>\n<link rel=\"canonical\" href=\"https:\/\/louis11.com\/en\/rooms\/\" \/>\n<meta property=\"og:locale\" content=\"en_GB\" \/>\n<meta property=\"og:type\" content=\"article\" \/>\n<meta property=\"og:title\" content=\"H\u00f4tel Restaurant Le Relais Louis XI - Chambres et Suites\" \/>\n<meta property=\"og:description\" content=\"D\u00e9couvrez nos 16 chambres et suites avec vue sur la Loire ou vue sur Jardin. Nos chambres sont toutes d\u00e9cor\u00e9es originalement et spacieuses.\" \/>\n<meta property=\"og:url\" content=\"https:\/\/louis11.com\/en\/rooms\/\" \/>\n<meta property=\"og:site_name\" content=\"H\u00f4tel Restaurant Louis 11 Meung Sur Loire\" \/>\n<meta property=\"article:publisher\" content=\"https:\/\/www.facebook.com\/Le-Relais-Louis-XI-118207564950606\/?fref=ts\" \/>\n<meta property=\"article:modified_time\" content=\"2023-10-25T08:24:19+00:00\" \/>\n<meta name=\"twitter:card\" content=\"summary_large_image\" \/>\n<meta name=\"twitter:label1\" content=\"Estimated reading time\" \/>\n\t<meta name=\"twitter:data1\" content=\"1 minute\" \/>\n<script type=\"application\/ld+json\" class=\"yoast-schema-graph\">{\"@context\":\"https:\/\/schema.org\",\"@graph\":[{\"@type\":\"WebPage\",\"@id\":\"https:\/\/louis11.com\/chambres\/\",\"url\":\"https:\/\/louis11.com\/chambres\/\",\"name\":\"H\u00f4tel Restaurant Le Relais Louis XI - Chambres et Suites\",\"isPartOf\":{\"@id\":\"https:\/\/louis11.com\/#website\"},\"datePublished\":\"2016-03-02T11:32:28+00:00\",\"dateModified\":\"2023-10-25T08:24:19+00:00\",\"description\":\"D\u00e9couvrez nos 16 chambres et suites avec vue sur la Loire ou vue sur Jardin. Nos chambres sont toutes d\u00e9cor\u00e9es originalement et spacieuses.\",\"breadcrumb\":{\"@id\":\"https:\/\/louis11.com\/chambres\/#breadcrumb\"},\"inLanguage\":\"en-GB\",\"potentialAction\":[{\"@type\":\"ReadAction\",\"target\":[\"https:\/\/louis11.com\/chambres\/\"]}]},{\"@type\":\"BreadcrumbList\",\"@id\":\"https:\/\/louis11.com\/chambres\/#breadcrumb\",\"itemListElement\":[{\"@type\":\"ListItem\",\"position\":1,\"name\":\"Accueil\",\"item\":\"https:\/\/louis11.com\/hotel-restaurant-relais-louis-11-meung-loire\/\"},{\"@type\":\"ListItem\",\"position\":2,\"name\":\"Chambres\"}]},{\"@type\":\"WebSite\",\"@id\":\"https:\/\/louis11.com\/#website\",\"url\":\"https:\/\/louis11.com\/\",\"name\":\"H\u00f4tel Restaurant Louis 11 Meung Sur Loire\",\"description\":\"h\u00f4tel restaurant \u00e0 Meung sur Loire\",\"potentialAction\":[{\"@type\":\"SearchAction\",\"target\":{\"@type\":\"EntryPoint\",\"urlTemplate\":\"https:\/\/louis11.com\/?s={search_term_string}\"},\"query-input\":\"required name=search_term_string\"}],\"inLanguage\":\"en-GB\"}]}<\/script>\n<!-- \/ Yoast SEO plugin. -->","yoast_head_json":{"title":"H\u00f4tel Restaurant Le Relais Louis XI - Chambres et Suites","description":"D\u00e9couvrez nos 16 chambres et suites avec vue sur la Loire ou vue sur Jardin. Nos chambres sont toutes d\u00e9cor\u00e9es originalement et spacieuses.","robots":{"index":"index","follow":"follow","max-snippet":"max-snippet:-1","max-image-preview":"max-image-preview:large","max-video-preview":"max-video-preview:-1"},"canonical":"https:\/\/louis11.com\/en\/rooms\/","og_locale":"en_GB","og_type":"article","og_title":"H\u00f4tel Restaurant Le Relais Louis XI - Chambres et Suites","og_description":"D\u00e9couvrez nos 16 chambres et suites avec vue sur la Loire ou vue sur Jardin. Nos chambres sont toutes d\u00e9cor\u00e9es originalement et spacieuses.","og_url":"https:\/\/louis11.com\/en\/rooms\/","og_site_name":"H\u00f4tel Restaurant Louis 11 Meung Sur Loire","article_publisher":"https:\/\/www.facebook.com\/Le-Relais-Louis-XI-118207564950606\/?fref=ts","article_modified_time":"2023-10-25T08:24:19+00:00","twitter_card":"summary_large_image","twitter_misc":{"Estimated reading time":"1 minute"},"schema":{"@context":"https:\/\/schema.org","@graph":[{"@type":"WebPage","@id":"https:\/\/louis11.com\/chambres\/","url":"https:\/\/louis11.com\/chambres\/","name":"H\u00f4tel Restaurant Le Relais Louis XI - Chambres et Suites","isPartOf":{"@id":"https:\/\/louis11.com\/#website"},"datePublished":"2016-03-02T11:32:28+00:00","dateModified":"2023-10-25T08:24:19+00:00","description":"D\u00e9couvrez nos 16 chambres et suites avec vue sur la Loire ou vue sur Jardin. Nos chambres sont toutes d\u00e9cor\u00e9es originalement et spacieuses.","breadcrumb":{"@id":"https:\/\/louis11.com\/chambres\/#breadcrumb"},"inLanguage":"en-GB","potentialAction":[{"@type":"ReadAction","target":["https:\/\/louis11.com\/chambres\/"]}]},{"@type":"BreadcrumbList","@id":"https:\/\/louis11.com\/chambres\/#breadcrumb","itemListElement":[{"@type":"ListItem","position":1,"name":"Accueil","item":"https:\/\/louis11.com\/hotel-restaurant-relais-louis-11-meung-loire\/"},{"@type":"ListItem","position":2,"name":"Chambres"}]},{"@type":"WebSite","@id":"https:\/\/louis11.com\/#website","url":"https:\/\/louis11.com\/","name":"H\u00f4tel Restaurant Louis 11 Meung Sur Loire","description":"h\u00f4tel restaurant \u00e0 Meung sur Loire","potentialAction":[{"@type":"SearchAction","target":{"@type":"EntryPoint","urlTemplate":"https:\/\/louis11.com\/?s={search_term_string}"},"query-input":"required name=search_term_string"}],"inLanguage":"en-GB"}]}},"_links":{"self":[{"href":"https:\/\/louis11.com\/en\/wp-json\/wp\/v2\/pages\/9"}],"collection":[{"href":"https:\/\/louis11.com\/en\/wp-json\/wp\/v2\/pages"}],"about":[{"href":"https:\/\/louis11.com\/en\/wp-json\/wp\/v2\/types\/page"}],"author":[{"embeddable":true,"href":"https:\/\/louis11.com\/en\/wp-json\/wp\/v2\/users\/1"}],"replies":[{"embeddable":true,"href":"https:\/\/louis11.com\/en\/wp-json\/wp\/v2\/comments?post=9"}],"version-history":[{"count":3,"href":"https:\/\/louis11.com\/en\/wp-json\/wp\/v2\/pages\/9\/revisions"}],"predecessor-version":[{"id":1050,"href":"https:\/\/louis11.com\/en\/wp-json\/wp\/v2\/pages\/9\/revisions\/1050"}],"wp:attachment":[{"href":"https:\/\/louis11.com\/en\/wp-json\/wp\/v2\/media?parent=9"}],"curies":[{"name":"wp","href":"https:\/\/api.w.org\/{rel}","templated":true}]}}