
{"id":734,"date":"2016-04-28T16:32:18","date_gmt":"2016-04-28T15:32:18","guid":{"rendered":"http:\/\/louis11.com\/?page_id=734"},"modified":"2023-10-25T09:28:29","modified_gmt":"2023-10-25T08:28:29","slug":"la-carte","status":"publish","type":"page","link":"https:\/\/louis11.com\/en\/the-map\/","title":{"rendered":"La Carte"},"content":{"rendered":"<p><iframe loading=\"lazy\" src=\"http:\/\/menuwidget.mobimenu.fr?mpres=long&#038;rid=346042&#038;mbg=none&#038;mtbg=none&#038;mtfco=fff&#038;mcatbg=none&#038;mcatfs=20&#038;mcatfco=fff&#038;mscatbg=none&#038;mscatfs=18&#038;mscatfco=fff&#038;mdibg=none&#038;mdifco=ccc&#038;mdib=none&#038;mdidfco=ccc&#038;hac=white&#038;hbg=000&#038;hc=fff&#038;gfont=1&#038;mft=Ubuntu\" style=\"border: 0; display: block; margin: 0 auto;\" width=\"100%\" height=\"700px\"><\/iframe><\/p>\n<p style=\"text-align: center;\"><a class=\"butn\" href=\"https:\/\/www.secure-direct-hotel-booking.com\/module_booking_engine\/index.php?id_etab=9fdeb4dc42b9ae4c61c9ff7e0b0857b8&langue=francais\" target=\"_blank\">SEE AVAILABILITY<\/a><\/p>","protected":false},"excerpt":{"rendered":"","protected":false},"author":1,"featured_media":0,"parent":0,"menu_order":0,"comment_status":"closed","ping_status":"closed","template":"","meta":{"footnotes":""},"yoast_head":"<!-- This site is optimized with the Yoast SEO plugin v22.9 - https:\/\/yoast.com\/wordpress\/plugins\/seo\/ -->\n<title>La Carte - H\u00f4tel Restaurant Louis 11 Meung Sur Loire<\/title>\n<meta name=\"robots\" content=\"index, follow, max-snippet:-1, max-image-preview:large, max-video-preview:-1\" \/>\n<link rel=\"canonical\" href=\"https:\/\/louis11.com\/en\/the-map\/\" \/>\n<meta property=\"og:locale\" content=\"en_GB\" \/>\n<meta property=\"og:type\" content=\"article\" \/>\n<meta property=\"og:title\" content=\"La Carte - H\u00f4tel Restaurant Louis 11 Meung Sur Loire\" \/>\n<meta property=\"og:url\" content=\"https:\/\/louis11.com\/en\/the-map\/\" \/>\n<meta property=\"og:site_name\" content=\"H\u00f4tel Restaurant Louis 11 Meung Sur Loire\" \/>\n<meta property=\"article:publisher\" content=\"https:\/\/www.facebook.com\/Le-Relais-Louis-XI-118207564950606\/?fref=ts\" \/>\n<meta property=\"article:modified_time\" content=\"2023-10-25T08:28:29+00:00\" \/>\n<meta name=\"twitter:card\" content=\"summary_large_image\" \/>\n<script type=\"application\/ld+json\" class=\"yoast-schema-graph\">{\"@context\":\"https:\/\/schema.org\",\"@graph\":[{\"@type\":\"WebPage\",\"@id\":\"https:\/\/louis11.com\/la-carte\/\",\"url\":\"https:\/\/louis11.com\/la-carte\/\",\"name\":\"La Carte - H\u00f4tel Restaurant Louis 11 Meung Sur Loire\",\"isPartOf\":{\"@id\":\"https:\/\/louis11.com\/#website\"},\"datePublished\":\"2016-04-28T15:32:18+00:00\",\"dateModified\":\"2023-10-25T08:28:29+00:00\",\"breadcrumb\":{\"@id\":\"https:\/\/louis11.com\/la-carte\/#breadcrumb\"},\"inLanguage\":\"en-GB\",\"potentialAction\":[{\"@type\":\"ReadAction\",\"target\":[\"https:\/\/louis11.com\/la-carte\/\"]}]},{\"@type\":\"BreadcrumbList\",\"@id\":\"https:\/\/louis11.com\/la-carte\/#breadcrumb\",\"itemListElement\":[{\"@type\":\"ListItem\",\"position\":1,\"name\":\"Accueil\",\"item\":\"https:\/\/louis11.com\/hotel-restaurant-relais-louis-11-meung-loire\/\"},{\"@type\":\"ListItem\",\"position\":2,\"name\":\"La Carte\"}]},{\"@type\":\"WebSite\",\"@id\":\"https:\/\/louis11.com\/#website\",\"url\":\"https:\/\/louis11.com\/\",\"name\":\"H\u00f4tel Restaurant Louis 11 Meung Sur Loire\",\"description\":\"h\u00f4tel restaurant \u00e0 Meung sur Loire\",\"potentialAction\":[{\"@type\":\"SearchAction\",\"target\":{\"@type\":\"EntryPoint\",\"urlTemplate\":\"https:\/\/louis11.com\/?s={search_term_string}\"},\"query-input\":\"required name=search_term_string\"}],\"inLanguage\":\"en-GB\"}]}<\/script>\n<!-- \/ Yoast SEO plugin. -->","yoast_head_json":{"title":"La Carte - H\u00f4tel Restaurant Louis 11 Meung Sur Loire","robots":{"index":"index","follow":"follow","max-snippet":"max-snippet:-1","max-image-preview":"max-image-preview:large","max-video-preview":"max-video-preview:-1"},"canonical":"https:\/\/louis11.com\/en\/the-map\/","og_locale":"en_GB","og_type":"article","og_title":"La Carte - H\u00f4tel Restaurant Louis 11 Meung Sur Loire","og_url":"https:\/\/louis11.com\/en\/the-map\/","og_site_name":"H\u00f4tel Restaurant Louis 11 Meung Sur Loire","article_publisher":"https:\/\/www.facebook.com\/Le-Relais-Louis-XI-118207564950606\/?fref=ts","article_modified_time":"2023-10-25T08:28:29+00:00","twitter_card":"summary_large_image","schema":{"@context":"https:\/\/schema.org","@graph":[{"@type":"WebPage","@id":"https:\/\/louis11.com\/la-carte\/","url":"https:\/\/louis11.com\/la-carte\/","name":"La Carte - H\u00f4tel Restaurant Louis 11 Meung Sur Loire","isPartOf":{"@id":"https:\/\/louis11.com\/#website"},"datePublished":"2016-04-28T15:32:18+00:00","dateModified":"2023-10-25T08:28:29+00:00","breadcrumb":{"@id":"https:\/\/louis11.com\/la-carte\/#breadcrumb"},"inLanguage":"en-GB","potentialAction":[{"@type":"ReadAction","target":["https:\/\/louis11.com\/la-carte\/"]}]},{"@type":"BreadcrumbList","@id":"https:\/\/louis11.com\/la-carte\/#breadcrumb","itemListElement":[{"@type":"ListItem","position":1,"name":"Accueil","item":"https:\/\/louis11.com\/hotel-restaurant-relais-louis-11-meung-loire\/"},{"@type":"ListItem","position":2,"name":"La Carte"}]},{"@type":"WebSite","@id":"https:\/\/louis11.com\/#website","url":"https:\/\/louis11.com\/","name":"H\u00f4tel Restaurant Louis 11 Meung Sur Loire","description":"h\u00f4tel restaurant \u00e0 Meung sur Loire","potentialAction":[{"@type":"SearchAction","target":{"@type":"EntryPoint","urlTemplate":"https:\/\/louis11.com\/?s={search_term_string}"},"query-input":"required name=search_term_string"}],"inLanguage":"en-GB"}]}},"_links":{"self":[{"href":"https:\/\/louis11.com\/en\/wp-json\/wp\/v2\/pages\/734"}],"collection":[{"href":"https:\/\/louis11.com\/en\/wp-json\/wp\/v2\/pages"}],"about":[{"href":"https:\/\/louis11.com\/en\/wp-json\/wp\/v2\/types\/page"}],"author":[{"embeddable":true,"href":"https:\/\/louis11.com\/en\/wp-json\/wp\/v2\/users\/1"}],"replies":[{"embeddable":true,"href":"https:\/\/louis11.com\/en\/wp-json\/wp\/v2\/comments?post=734"}],"version-history":[{"count":1,"href":"https:\/\/louis11.com\/en\/wp-json\/wp\/v2\/pages\/734\/revisions"}],"predecessor-version":[{"id":1056,"href":"https:\/\/louis11.com\/en\/wp-json\/wp\/v2\/pages\/734\/revisions\/1056"}],"wp:attachment":[{"href":"https:\/\/louis11.com\/en\/wp-json\/wp\/v2\/media?parent=734"}],"curies":[{"name":"wp","href":"https:\/\/api.w.org\/{rel}","templated":true}]}}