
{"id":434,"date":"2016-03-25T11:25:21","date_gmt":"2016-03-25T10:25:21","guid":{"rendered":"http:\/\/louis11.com\/?page_id=434"},"modified":"2023-10-25T09:27:07","modified_gmt":"2023-10-25T08:27:07","slug":"offre-sejour-bord-meung-sur-loire","status":"publish","type":"page","link":"https:\/\/louis11.com\/en\/holiday-offer-on-board-meung-sur-loire\/","title":{"rendered":"Contact - \"Loire Valley break\" offer"},"content":{"rendered":"<p>[sg_popup id=2]<br \/>\n<a href=\"https:\/\/louis11.com\/wp-content\/uploads\/2016\/03\/gift-5.png\" rel=\"attachment wp-att-302\"><img loading=\"lazy\" decoding=\"async\" class=\"wp-image-302 alignleft\" src=\"https:\/\/louis11.com\/wp-content\/uploads\/2016\/03\/gift-5.png\" alt=\"gift-5\" width=\"157\" height=\"150\" \/><\/a>Would you like to offer one of our gift boxes to someone close to you?<\/p>\n<p>The principle is simple: offer someone one of our services in the form of a prepaid \"Gift Voucher\". With this voucher, the recipient will receive a personalised welcome for the service offered.<\/p>\n<p>Once you have selected the offer and completed the form, we will contact you shortly to finalise the order.<\/p>\n<p>&nbsp;<\/p>\n<div class=\"accordion\"><div class=\"accordion_head\"><a href=\"#\"><p class=\"interactive\">A Stay with the Producer<\/p><\/a><\/div><div class=\"accordion_content\"><div class=\"accordion_inner\"><p class=\"interactive\"><\/p>\n<h2>A Stay with the Producer<\/h2>\n<ul>\n<li><a href=\"https:\/\/louis11.com\/wp-content\/uploads\/2016\/03\/800px-Pont_Wilson_sur_la_Loire_a_Tours_DSC_0455.jpg\" rel=\"attachment wp-att-383\"><img loading=\"lazy\" decoding=\"async\" class=\"wp-image-383 alignleft\" style=\"padding-right: 20px;\" src=\"https:\/\/louis11.com\/wp-content\/uploads\/2016\/03\/800px-Pont_Wilson_sur_la_Loire_a_Tours_DSC_0455-300x199.jpg\" alt=\"Accommodation Meung sur Loire\" width=\"178\" height=\"118\" srcset=\"https:\/\/louis11.com\/wp-content\/uploads\/2016\/03\/800px-Pont_Wilson_sur_la_Loire_a_Tours_DSC_0455-300x199.jpg 300w, https:\/\/louis11.com\/wp-content\/uploads\/2016\/03\/800px-Pont_Wilson_sur_la_Loire_a_Tours_DSC_0455-768x509.jpg 768w, https:\/\/louis11.com\/wp-content\/uploads\/2016\/03\/800px-Pont_Wilson_sur_la_Loire_a_Tours_DSC_0455.jpg 800w\" sizes=\"(max-width: 178px) 100vw, 178px\" \/><\/a>Privilege Room<\/li>\n<li>1 night in a Privilege Room overlooking the Loire<\/li>\n<li>Breakfast<\/li>\n<\/ul>\n<p>179\u20ac<\/p>\n<p style=\"text-align: center;\"><a class=\"butn\" href=\"https:\/\/louis11.com\/en\/holiday-offer-on-board-meung-sur-loire\/\" target=\"\">Offer<\/a><\/p>\n<p><\/p><\/div><\/div><\/div>\n<div class=\"accordion\"><div class=\"accordion_head\"><a href=\"#\"><p class=\"interactive\">Louis XI<\/p><\/a><\/div><div class=\"accordion_content\"><div class=\"accordion_inner\"><p class=\"interactive\">\n<h2>Louis XI<\/h2>\n<ul>\n<li><a href=\"https:\/\/louis11.com\/wp-content\/uploads\/2016\/03\/41.jpg\" rel=\"attachment wp-att-479\"><img loading=\"lazy\" decoding=\"async\" class=\"wp-image-479 alignleft\" style=\"padding-right: 20px;\" src=\"https:\/\/louis11.com\/wp-content\/uploads\/2016\/03\/41-300x200.jpg\" alt=\"Relais Louis XI\" width=\"178\" height=\"118\" srcset=\"https:\/\/louis11.com\/wp-content\/uploads\/2016\/03\/41-300x200.jpg 300w, https:\/\/louis11.com\/wp-content\/uploads\/2016\/03\/41-768x512.jpg 768w, https:\/\/louis11.com\/wp-content\/uploads\/2016\/03\/41-1024x683.jpg 1024w, https:\/\/louis11.com\/wp-content\/uploads\/2016\/03\/41.jpg 1500w\" sizes=\"(max-width: 178px) 100vw, 178px\" \/><\/a>Superior room<\/li>\n<li>2 \"Louis XI\" menus<\/li>\n<li>2 buffet breakfasts<\/li>\n<\/ul>\n<p>199\u20ac<\/p>\n<p style=\"text-align: center;\"><span style=\"line-height: 1.5;\"><a class=\"butn\" href=\"https:\/\/louis11.com\/en\/holiday-offer-on-board-meung-sur-loire\/\" target=\"\">Offer<\/a><\/p><\/div><\/div><\/div><\/span><\/p>\n<div class=\"accordion\"><div class=\"accordion_head\"><a href=\"#\"><p class=\"interactive\">A trip to Chambord<\/p><\/a><\/div><div class=\"accordion_content\"><div class=\"accordion_inner\"><p class=\"interactive\">\n<h2>A trip to Chambord<\/h2>\n<ul>\n<li><a href=\"https:\/\/louis11.com\/wp-content\/uploads\/2016\/03\/le-chateau-de-chambord-se-refletant-dans-l-eau.jpg\" rel=\"attachment wp-att-501\"><img loading=\"lazy\" decoding=\"async\" class=\"size-medium wp-image-501 alignleft\" src=\"https:\/\/louis11.com\/wp-content\/uploads\/2016\/03\/le-chateau-de-chambord-se-refletant-dans-l-eau-300x199.jpg\" alt=\"Loire medieval relay\" width=\"178\" height=\"118\" style=\"padding-right: 20px;\" srcset=\"https:\/\/louis11.com\/wp-content\/uploads\/2016\/03\/le-chateau-de-chambord-se-refletant-dans-l-eau-300x199.jpg 300w, https:\/\/louis11.com\/wp-content\/uploads\/2016\/03\/le-chateau-de-chambord-se-refletant-dans-l-eau-768x510.jpg 768w, https:\/\/louis11.com\/wp-content\/uploads\/2016\/03\/le-chateau-de-chambord-se-refletant-dans-l-eau.jpg 800w\" sizes=\"(max-width: 178px) 100vw, 178px\" \/><\/a>1 night in a superior room<\/li>\n<li>1 evening dinner - 3 courses<\/li>\n<li>2 breakfasts<\/li>\n<li>2 tickets for the Chateau de Chambord<\/li>\n<\/ul>\n<p>239\u20ac<\/p>\n<p style=\"text-align: center;\"><a class=\"butn\" href=\"https:\/\/louis11.com\/en\/holiday-offer-on-board-meung-sur-loire\/\" target=\"\">Offer<\/a><\/p>\n<p><\/p><\/div><\/div><\/div><br \/>\n<button id=\"rsvit_btn\" style=\"display:none;\"><br \/>\n    <i id=\"btn_bed_ico\" class=\"fa fa-bed\" aria-hidden=\"true\"><\/i>Best rate guaranteed<br \/>\n<\/button><\/p>","protected":false},"excerpt":{"rendered":"<p>[sg_popup id=2] Would you like to offer one of our gift boxes to someone close to you? The principle is simple: offer someone one of our services in the form of a gift box.<\/p>","protected":false},"author":1,"featured_media":0,"parent":0,"menu_order":0,"comment_status":"closed","ping_status":"closed","template":"","meta":{"footnotes":""},"yoast_head":"<!-- This site is optimized with the Yoast SEO plugin v22.9 - https:\/\/yoast.com\/wordpress\/plugins\/seo\/ -->\n<title>Contact - Offre &quot;S\u00e9jour bord de Loire&quot; - H\u00f4tel Restaurant Louis 11 Meung Sur Loire<\/title>\n<meta name=\"robots\" content=\"index, follow, max-snippet:-1, max-image-preview:large, max-video-preview:-1\" \/>\n<link rel=\"canonical\" href=\"https:\/\/louis11.com\/en\/holiday-offer-on-board-meung-sur-loire\/\" \/>\n<meta property=\"og:locale\" content=\"en_GB\" \/>\n<meta property=\"og:type\" content=\"article\" \/>\n<meta property=\"og:title\" content=\"Contact - Offre &quot;S\u00e9jour bord de Loire&quot; - H\u00f4tel Restaurant Louis 11 Meung Sur Loire\" \/>\n<meta property=\"og:description\" content=\"[sg_popup id=2] Vous souhaitez offrir un de nos coffret cadeau \u00e0 un de vos proches? Le principe est simple: Offrir \u00e0 quelqu&rsquo;un une de nos prestations sous la forme d&rsquo;un [&hellip;]\" \/>\n<meta property=\"og:url\" content=\"https:\/\/louis11.com\/en\/holiday-offer-on-board-meung-sur-loire\/\" \/>\n<meta property=\"og:site_name\" content=\"H\u00f4tel Restaurant Louis 11 Meung Sur Loire\" \/>\n<meta property=\"article:publisher\" content=\"https:\/\/www.facebook.com\/Le-Relais-Louis-XI-118207564950606\/?fref=ts\" \/>\n<meta property=\"article:modified_time\" content=\"2023-10-25T08:27:07+00:00\" \/>\n<meta property=\"og:image\" content=\"https:\/\/louis11.com\/wp-content\/uploads\/2016\/03\/gift-5.png\" \/>\n<meta name=\"twitter:card\" content=\"summary_large_image\" \/>\n<meta name=\"twitter:label1\" content=\"Estimated reading time\" \/>\n\t<meta name=\"twitter:data1\" content=\"1 minute\" \/>\n<script type=\"application\/ld+json\" class=\"yoast-schema-graph\">{\"@context\":\"https:\/\/schema.org\",\"@graph\":[{\"@type\":\"WebPage\",\"@id\":\"https:\/\/louis11.com\/offre-sejour-bord-meung-sur-loire\/\",\"url\":\"https:\/\/louis11.com\/offre-sejour-bord-meung-sur-loire\/\",\"name\":\"Contact - Offre \\\"S\u00e9jour bord de Loire\\\" - H\u00f4tel Restaurant Louis 11 Meung Sur Loire\",\"isPartOf\":{\"@id\":\"https:\/\/louis11.com\/#website\"},\"primaryImageOfPage\":{\"@id\":\"https:\/\/louis11.com\/offre-sejour-bord-meung-sur-loire\/#primaryimage\"},\"image\":{\"@id\":\"https:\/\/louis11.com\/offre-sejour-bord-meung-sur-loire\/#primaryimage\"},\"thumbnailUrl\":\"https:\/\/louis11.com\/wp-content\/uploads\/2016\/03\/gift-5.png\",\"datePublished\":\"2016-03-25T10:25:21+00:00\",\"dateModified\":\"2023-10-25T08:27:07+00:00\",\"breadcrumb\":{\"@id\":\"https:\/\/louis11.com\/offre-sejour-bord-meung-sur-loire\/#breadcrumb\"},\"inLanguage\":\"en-GB\",\"potentialAction\":[{\"@type\":\"ReadAction\",\"target\":[\"https:\/\/louis11.com\/offre-sejour-bord-meung-sur-loire\/\"]}]},{\"@type\":\"ImageObject\",\"inLanguage\":\"en-GB\",\"@id\":\"https:\/\/louis11.com\/offre-sejour-bord-meung-sur-loire\/#primaryimage\",\"url\":\"https:\/\/louis11.com\/wp-content\/uploads\/2016\/03\/gift-5.png\",\"contentUrl\":\"https:\/\/louis11.com\/wp-content\/uploads\/2016\/03\/gift-5.png\"},{\"@type\":\"BreadcrumbList\",\"@id\":\"https:\/\/louis11.com\/offre-sejour-bord-meung-sur-loire\/#breadcrumb\",\"itemListElement\":[{\"@type\":\"ListItem\",\"position\":1,\"name\":\"Accueil\",\"item\":\"https:\/\/louis11.com\/hotel-restaurant-relais-louis-11-meung-loire\/\"},{\"@type\":\"ListItem\",\"position\":2,\"name\":\"Contact &#8211; Offre \u00ab\u00a0S\u00e9jour bord de Loire\u00a0\u00bb\"}]},{\"@type\":\"WebSite\",\"@id\":\"https:\/\/louis11.com\/#website\",\"url\":\"https:\/\/louis11.com\/\",\"name\":\"H\u00f4tel Restaurant Louis 11 Meung Sur Loire\",\"description\":\"h\u00f4tel restaurant \u00e0 Meung sur Loire\",\"potentialAction\":[{\"@type\":\"SearchAction\",\"target\":{\"@type\":\"EntryPoint\",\"urlTemplate\":\"https:\/\/louis11.com\/?s={search_term_string}\"},\"query-input\":\"required name=search_term_string\"}],\"inLanguage\":\"en-GB\"}]}<\/script>\n<!-- \/ Yoast SEO plugin. -->","yoast_head_json":{"title":"Contact - Offre \"S\u00e9jour bord de Loire\" - H\u00f4tel Restaurant Louis 11 Meung Sur Loire","robots":{"index":"index","follow":"follow","max-snippet":"max-snippet:-1","max-image-preview":"max-image-preview:large","max-video-preview":"max-video-preview:-1"},"canonical":"https:\/\/louis11.com\/en\/holiday-offer-on-board-meung-sur-loire\/","og_locale":"en_GB","og_type":"article","og_title":"Contact - Offre \"S\u00e9jour bord de Loire\" - H\u00f4tel Restaurant Louis 11 Meung Sur Loire","og_description":"[sg_popup id=2] Vous souhaitez offrir un de nos coffret cadeau \u00e0 un de vos proches? Le principe est simple: Offrir \u00e0 quelqu&rsquo;un une de nos prestations sous la forme d&rsquo;un [&hellip;]","og_url":"https:\/\/louis11.com\/en\/holiday-offer-on-board-meung-sur-loire\/","og_site_name":"H\u00f4tel Restaurant Louis 11 Meung Sur Loire","article_publisher":"https:\/\/www.facebook.com\/Le-Relais-Louis-XI-118207564950606\/?fref=ts","article_modified_time":"2023-10-25T08:27:07+00:00","og_image":[{"url":"https:\/\/louis11.com\/wp-content\/uploads\/2016\/03\/gift-5.png"}],"twitter_card":"summary_large_image","twitter_misc":{"Estimated reading time":"1 minute"},"schema":{"@context":"https:\/\/schema.org","@graph":[{"@type":"WebPage","@id":"https:\/\/louis11.com\/offre-sejour-bord-meung-sur-loire\/","url":"https:\/\/louis11.com\/offre-sejour-bord-meung-sur-loire\/","name":"Contact - Offre \"S\u00e9jour bord de Loire\" - H\u00f4tel Restaurant Louis 11 Meung Sur Loire","isPartOf":{"@id":"https:\/\/louis11.com\/#website"},"primaryImageOfPage":{"@id":"https:\/\/louis11.com\/offre-sejour-bord-meung-sur-loire\/#primaryimage"},"image":{"@id":"https:\/\/louis11.com\/offre-sejour-bord-meung-sur-loire\/#primaryimage"},"thumbnailUrl":"https:\/\/louis11.com\/wp-content\/uploads\/2016\/03\/gift-5.png","datePublished":"2016-03-25T10:25:21+00:00","dateModified":"2023-10-25T08:27:07+00:00","breadcrumb":{"@id":"https:\/\/louis11.com\/offre-sejour-bord-meung-sur-loire\/#breadcrumb"},"inLanguage":"en-GB","potentialAction":[{"@type":"ReadAction","target":["https:\/\/louis11.com\/offre-sejour-bord-meung-sur-loire\/"]}]},{"@type":"ImageObject","inLanguage":"en-GB","@id":"https:\/\/louis11.com\/offre-sejour-bord-meung-sur-loire\/#primaryimage","url":"https:\/\/louis11.com\/wp-content\/uploads\/2016\/03\/gift-5.png","contentUrl":"https:\/\/louis11.com\/wp-content\/uploads\/2016\/03\/gift-5.png"},{"@type":"BreadcrumbList","@id":"https:\/\/louis11.com\/offre-sejour-bord-meung-sur-loire\/#breadcrumb","itemListElement":[{"@type":"ListItem","position":1,"name":"Accueil","item":"https:\/\/louis11.com\/hotel-restaurant-relais-louis-11-meung-loire\/"},{"@type":"ListItem","position":2,"name":"Contact &#8211; Offre \u00ab\u00a0S\u00e9jour bord de Loire\u00a0\u00bb"}]},{"@type":"WebSite","@id":"https:\/\/louis11.com\/#website","url":"https:\/\/louis11.com\/","name":"H\u00f4tel Restaurant Louis 11 Meung Sur Loire","description":"h\u00f4tel restaurant \u00e0 Meung sur Loire","potentialAction":[{"@type":"SearchAction","target":{"@type":"EntryPoint","urlTemplate":"https:\/\/louis11.com\/?s={search_term_string}"},"query-input":"required name=search_term_string"}],"inLanguage":"en-GB"}]}},"_links":{"self":[{"href":"https:\/\/louis11.com\/en\/wp-json\/wp\/v2\/pages\/434"}],"collection":[{"href":"https:\/\/louis11.com\/en\/wp-json\/wp\/v2\/pages"}],"about":[{"href":"https:\/\/louis11.com\/en\/wp-json\/wp\/v2\/types\/page"}],"author":[{"embeddable":true,"href":"https:\/\/louis11.com\/en\/wp-json\/wp\/v2\/users\/1"}],"replies":[{"embeddable":true,"href":"https:\/\/louis11.com\/en\/wp-json\/wp\/v2\/comments?post=434"}],"version-history":[{"count":1,"href":"https:\/\/louis11.com\/en\/wp-json\/wp\/v2\/pages\/434\/revisions"}],"predecessor-version":[{"id":1053,"href":"https:\/\/louis11.com\/en\/wp-json\/wp\/v2\/pages\/434\/revisions\/1053"}],"wp:attachment":[{"href":"https:\/\/louis11.com\/en\/wp-json\/wp\/v2\/media?parent=434"}],"curies":[{"name":"wp","href":"https:\/\/api.w.org\/{rel}","templated":true}]}}