
{"id":292,"date":"2016-03-11T11:16:01","date_gmt":"2016-03-11T10:16:01","guid":{"rendered":"http:\/\/louis11.com\/?page_id=292"},"modified":"2023-08-24T20:36:41","modified_gmt":"2023-08-24T19:36:41","slug":"hotel-restaurant-relais-louis-11-meung-loire","status":"publish","type":"page","link":"https:\/\/louis11.com\/en\/","title":{"rendered":"H\u00f4tel Relais Louis 11 Meung sur Loire"},"content":{"rendered":"<h1 class=\"nodisplaymobile\" style=\"text-align: center; color: black; background: rgba(255, 255, 255, 0.5);opacity:0.7;\">H\u00f4tel Relais Louis XI<\/h1>\n<h2 class=\"nodisplaymobile\" style=\"text-align: center; color: black;margin-top:-12px;background: rgba(255, 255, 255, 0.5);font-size:40%;opacity:0.7;\">\nMeung sur Loire<\/h2>\n<p>&nbsp;<\/p>\n<div id=\"comparatorMB\"><\/div>\n<p>    <script>\n        var langue = 'fr';\n        var id_etab = '9fdeb4dc42b9ae4c61c9ff7e0b0857b8';\n        \/\/var param = 'param-9fdeb4dc42b9ae4c61c9ff7e0b0857b8';\n        var style = 'style-9fdeb4dc42b9ae4c61c9ff7e0b0857b8';\n    <\/script><br \/>\n\t<script src=\"https:\/\/www.secure-direct-hotel-booking.com\/comparator\/scriptComparator.js\"><\/script>\n<\/div>\n<p>&nbsp;<\/p>\n<p>&nbsp;<\/p>\n<p>&nbsp;<\/p>\n<p>&nbsp;<\/p>\n<p>&nbsp;<\/p>\n<p>&nbsp;<\/p>\n<p>&nbsp;<\/p>\n<p>&nbsp;<\/p>\n<p>&nbsp;<\/p>\n<p>&nbsp;<\/p>\n<p>&nbsp;<\/p>","protected":false},"excerpt":{"rendered":"<p>H\u00f4tel Relais Louis XI Meung sur Loire &nbsp; &nbsp; &nbsp; &nbsp; &nbsp; &nbsp; &nbsp; &nbsp; &nbsp; &nbsp; &nbsp; &nbsp;<\/p>","protected":false},"author":1,"featured_media":0,"parent":0,"menu_order":0,"comment_status":"closed","ping_status":"closed","template":"","meta":{"footnotes":""},"yoast_head":"<!-- This site is optimized with the Yoast SEO plugin v22.9 - https:\/\/yoast.com\/wordpress\/plugins\/seo\/ -->\n<title>H\u00f4tel Restaurant Relais Louis XI \u00e0 Meung sur Loire<\/title>\n<meta name=\"description\" content=\"h\u00f4tel restaurant \u00e0 Meung -sur-loire situ\u00e9 sur les rives de la Loire. Id\u00e9al pour vacances en Val de Loire, h\u00e9bergement, organisation s\u00e9minaires et mariages\" \/>\n<meta name=\"robots\" content=\"index, follow, max-snippet:-1, max-image-preview:large, max-video-preview:-1\" \/>\n<link rel=\"canonical\" href=\"https:\/\/louis11.com\/en\/hotel-restaurant-relais-louis-11-meung-loire\/\" \/>\n<meta property=\"og:locale\" content=\"en_GB\" \/>\n<meta property=\"og:type\" content=\"article\" \/>\n<meta property=\"og:title\" content=\"H\u00f4tel Restaurant Relais Louis XI \u00e0 Meung sur Loire\" \/>\n<meta property=\"og:description\" content=\"h\u00f4tel restaurant \u00e0 Meung -sur-loire situ\u00e9 sur les rives de la Loire. Id\u00e9al pour vacances en Val de Loire, h\u00e9bergement, organisation s\u00e9minaires et mariages\" \/>\n<meta property=\"og:url\" content=\"https:\/\/louis11.com\/en\/hotel-restaurant-relais-louis-11-meung-loire\/\" \/>\n<meta property=\"og:site_name\" content=\"H\u00f4tel Restaurant Louis 11 Meung Sur Loire\" \/>\n<meta property=\"article:publisher\" content=\"https:\/\/www.facebook.com\/Le-Relais-Louis-XI-118207564950606\/?fref=ts\" \/>\n<meta property=\"article:modified_time\" content=\"2023-08-24T19:36:41+00:00\" \/>\n<meta name=\"twitter:card\" content=\"summary_large_image\" \/>\n<script type=\"application\/ld+json\" class=\"yoast-schema-graph\">{\"@context\":\"https:\/\/schema.org\",\"@graph\":[{\"@type\":\"WebPage\",\"@id\":\"https:\/\/louis11.com\/hotel-restaurant-relais-louis-11-meung-loire\/\",\"url\":\"https:\/\/louis11.com\/hotel-restaurant-relais-louis-11-meung-loire\/\",\"name\":\"H\u00f4tel Restaurant Relais Louis XI \u00e0 Meung sur Loire\",\"isPartOf\":{\"@id\":\"https:\/\/louis11.com\/#website\"},\"datePublished\":\"2016-03-11T10:16:01+00:00\",\"dateModified\":\"2023-08-24T19:36:41+00:00\",\"description\":\"h\u00f4tel restaurant \u00e0 Meung -sur-loire situ\u00e9 sur les rives de la Loire. Id\u00e9al pour vacances en Val de Loire, h\u00e9bergement, organisation s\u00e9minaires et mariages\",\"breadcrumb\":{\"@id\":\"https:\/\/louis11.com\/hotel-restaurant-relais-louis-11-meung-loire\/#breadcrumb\"},\"inLanguage\":\"en-GB\",\"potentialAction\":[{\"@type\":\"ReadAction\",\"target\":[\"https:\/\/louis11.com\/hotel-restaurant-relais-louis-11-meung-loire\/\"]}]},{\"@type\":\"BreadcrumbList\",\"@id\":\"https:\/\/louis11.com\/hotel-restaurant-relais-louis-11-meung-loire\/#breadcrumb\",\"itemListElement\":[{\"@type\":\"ListItem\",\"position\":1,\"name\":\"Accueil\",\"item\":\"https:\/\/louis11.com\/hotel-restaurant-relais-louis-11-meung-loire\/\"},{\"@type\":\"ListItem\",\"position\":2,\"name\":\"H\u00f4tel Relais Louis 11 Meung sur Loire\"}]},{\"@type\":\"WebSite\",\"@id\":\"https:\/\/louis11.com\/#website\",\"url\":\"https:\/\/louis11.com\/\",\"name\":\"H\u00f4tel Restaurant Louis 11 Meung Sur Loire\",\"description\":\"h\u00f4tel restaurant \u00e0 Meung sur Loire\",\"potentialAction\":[{\"@type\":\"SearchAction\",\"target\":{\"@type\":\"EntryPoint\",\"urlTemplate\":\"https:\/\/louis11.com\/?s={search_term_string}\"},\"query-input\":\"required name=search_term_string\"}],\"inLanguage\":\"en-GB\"}]}<\/script>\n<!-- \/ Yoast SEO plugin. -->","yoast_head_json":{"title":"H\u00f4tel Restaurant Relais Louis XI \u00e0 Meung sur Loire","description":"h\u00f4tel restaurant \u00e0 Meung -sur-loire situ\u00e9 sur les rives de la Loire. Id\u00e9al pour vacances en Val de Loire, h\u00e9bergement, organisation s\u00e9minaires et mariages","robots":{"index":"index","follow":"follow","max-snippet":"max-snippet:-1","max-image-preview":"max-image-preview:large","max-video-preview":"max-video-preview:-1"},"canonical":"https:\/\/louis11.com\/en\/hotel-restaurant-relais-louis-11-meung-loire\/","og_locale":"en_GB","og_type":"article","og_title":"H\u00f4tel Restaurant Relais Louis XI \u00e0 Meung sur Loire","og_description":"h\u00f4tel restaurant \u00e0 Meung -sur-loire situ\u00e9 sur les rives de la Loire. Id\u00e9al pour vacances en Val de Loire, h\u00e9bergement, organisation s\u00e9minaires et mariages","og_url":"https:\/\/louis11.com\/en\/hotel-restaurant-relais-louis-11-meung-loire\/","og_site_name":"H\u00f4tel Restaurant Louis 11 Meung Sur Loire","article_publisher":"https:\/\/www.facebook.com\/Le-Relais-Louis-XI-118207564950606\/?fref=ts","article_modified_time":"2023-08-24T19:36:41+00:00","twitter_card":"summary_large_image","schema":{"@context":"https:\/\/schema.org","@graph":[{"@type":"WebPage","@id":"https:\/\/louis11.com\/hotel-restaurant-relais-louis-11-meung-loire\/","url":"https:\/\/louis11.com\/hotel-restaurant-relais-louis-11-meung-loire\/","name":"H\u00f4tel Restaurant Relais Louis XI \u00e0 Meung sur Loire","isPartOf":{"@id":"https:\/\/louis11.com\/#website"},"datePublished":"2016-03-11T10:16:01+00:00","dateModified":"2023-08-24T19:36:41+00:00","description":"h\u00f4tel restaurant \u00e0 Meung -sur-loire situ\u00e9 sur les rives de la Loire. Id\u00e9al pour vacances en Val de Loire, h\u00e9bergement, organisation s\u00e9minaires et mariages","breadcrumb":{"@id":"https:\/\/louis11.com\/hotel-restaurant-relais-louis-11-meung-loire\/#breadcrumb"},"inLanguage":"en-GB","potentialAction":[{"@type":"ReadAction","target":["https:\/\/louis11.com\/hotel-restaurant-relais-louis-11-meung-loire\/"]}]},{"@type":"BreadcrumbList","@id":"https:\/\/louis11.com\/hotel-restaurant-relais-louis-11-meung-loire\/#breadcrumb","itemListElement":[{"@type":"ListItem","position":1,"name":"Accueil","item":"https:\/\/louis11.com\/hotel-restaurant-relais-louis-11-meung-loire\/"},{"@type":"ListItem","position":2,"name":"H\u00f4tel Relais Louis 11 Meung sur Loire"}]},{"@type":"WebSite","@id":"https:\/\/louis11.com\/#website","url":"https:\/\/louis11.com\/","name":"H\u00f4tel Restaurant Louis 11 Meung Sur Loire","description":"h\u00f4tel restaurant \u00e0 Meung sur Loire","potentialAction":[{"@type":"SearchAction","target":{"@type":"EntryPoint","urlTemplate":"https:\/\/louis11.com\/?s={search_term_string}"},"query-input":"required name=search_term_string"}],"inLanguage":"en-GB"}]}},"_links":{"self":[{"href":"https:\/\/louis11.com\/en\/wp-json\/wp\/v2\/pages\/292"}],"collection":[{"href":"https:\/\/louis11.com\/en\/wp-json\/wp\/v2\/pages"}],"about":[{"href":"https:\/\/louis11.com\/en\/wp-json\/wp\/v2\/types\/page"}],"author":[{"embeddable":true,"href":"https:\/\/louis11.com\/en\/wp-json\/wp\/v2\/users\/1"}],"replies":[{"embeddable":true,"href":"https:\/\/louis11.com\/en\/wp-json\/wp\/v2\/comments?post=292"}],"version-history":[{"count":9,"href":"https:\/\/louis11.com\/en\/wp-json\/wp\/v2\/pages\/292\/revisions"}],"predecessor-version":[{"id":1044,"href":"https:\/\/louis11.com\/en\/wp-json\/wp\/v2\/pages\/292\/revisions\/1044"}],"wp:attachment":[{"href":"https:\/\/louis11.com\/en\/wp-json\/wp\/v2\/media?parent=292"}],"curies":[{"name":"wp","href":"https:\/\/api.w.org\/{rel}","templated":true}]}}