
{"id":13,"date":"2016-03-02T12:32:58","date_gmt":"2016-03-02T11:32:58","guid":{"rendered":"http:\/\/louis11.com\/?page_id=13"},"modified":"2023-10-25T09:29:21","modified_gmt":"2023-10-25T08:29:21","slug":"offres-et-cadeaux","status":"publish","type":"page","link":"https:\/\/louis11.com\/en\/offers-and-gifts\/","title":{"rendered":"Offers and Gifts"},"content":{"rendered":"<p><a href=\"\/wp-content\/uploads\/2016\/03\/gift-5.png\" rel=\"attachment wp-att-302\"><img loading=\"lazy\" decoding=\"async\" class=\"wp-image-302 alignleft\" src=\"\/wp-content\/uploads\/2016\/03\/gift-5.png\" alt=\"gift-5\" width=\"157\" height=\"150\" \/><\/a>Would you like to offer one of our gift boxes to someone close to you?<\/p>\n<p>The principle is simple: offer someone one of our services in the form of a prepaid \"Gift Voucher\". With this voucher, the recipient will receive a personalised welcome for the service offered.<\/p>\n<p>Once you have selected the offer and completed the form, we will contact you shortly to finalise the order.<\/p>\n<p>&nbsp;<\/p>\n<div class=\"accordion\"><div class=\"accordion_head\"><a href=\"#\"><p class=\"interactive\">A Stay with the Producer<\/p><\/a><\/div><div class=\"accordion_content\"><div class=\"accordion_inner\"><p class=\"interactive\"><\/p>\n<h2>A Stay with the Producer<\/h2>\n<ul>\n<li><a href=\"\/wp-content\/uploads\/2016\/03\/800px-Pont_Wilson_sur_la_Loire_a_Tours_DSC_0455.jpg\" rel=\"attachment wp-att-383\"><img loading=\"lazy\" decoding=\"async\" class=\"wp-image-383 alignleft\" style=\"padding-right: 20px;\" src=\"\/wp-content\/uploads\/2016\/03\/800px-Pont_Wilson_sur_la_Loire_a_Tours_DSC_0455-300x199.jpg\" alt=\"Accommodation Meung sur Loire\" width=\"178\" height=\"118\" srcset=\"https:\/\/louis11.com\/wp-content\/uploads\/2016\/03\/800px-Pont_Wilson_sur_la_Loire_a_Tours_DSC_0455-300x199.jpg 300w, https:\/\/louis11.com\/wp-content\/uploads\/2016\/03\/800px-Pont_Wilson_sur_la_Loire_a_Tours_DSC_0455-768x509.jpg 768w, https:\/\/louis11.com\/wp-content\/uploads\/2016\/03\/800px-Pont_Wilson_sur_la_Loire_a_Tours_DSC_0455.jpg 800w\" sizes=\"(max-width: 178px) 100vw, 178px\" \/><\/a>Privilege Room<\/li>\n<li>1 night in a Privilege Room overlooking the Loire<\/li>\n<li>Breakfast<\/li>\n<\/ul>\n<p>179\u20ac<\/p>\n<p style=\"text-align: center;\"><a class=\"butn\" href=\"\/en\/holiday-offer-on-board-meung-sur-loire\/\" target=\"\">Offer<\/a><\/p>\n<p><\/p><\/div><\/div><\/div>\n<div class=\"accordion\"><div class=\"accordion_head\"><a href=\"#\"><p class=\"interactive\">Louis XI<\/p><\/a><\/div><div class=\"accordion_content\"><div class=\"accordion_inner\"><p class=\"interactive\">\n<h2>Louis XI<\/h2>\n<ul>\n<li><a href=\"\/wp-content\/uploads\/2016\/03\/41.jpg\" rel=\"attachment wp-att-479\"><img loading=\"lazy\" decoding=\"async\" class=\"wp-image-479 alignleft\" style=\"padding-right: 20px;\" src=\"\/wp-content\/uploads\/2016\/03\/41-300x200.jpg\" alt=\"Relais Louis XI\" width=\"178\" height=\"118\" srcset=\"https:\/\/louis11.com\/wp-content\/uploads\/2016\/03\/41-300x200.jpg 300w, https:\/\/louis11.com\/wp-content\/uploads\/2016\/03\/41-768x512.jpg 768w, https:\/\/louis11.com\/wp-content\/uploads\/2016\/03\/41-1024x683.jpg 1024w, https:\/\/louis11.com\/wp-content\/uploads\/2016\/03\/41.jpg 1500w\" sizes=\"(max-width: 178px) 100vw, 178px\" \/><\/a>Superior room<\/li>\n<li>2 \"Louis XI\" menus<\/li>\n<li>2 buffet breakfasts<\/li>\n<\/ul>\n<p>199\u20ac<\/p>\n<p style=\"text-align: center;\"><span style=\"line-height: 1.5;\"><a class=\"butn\" href=\"\/en\/holiday-offer-on-board-meung-sur-loire\/\" target=\"\">Offer<\/a><\/p><\/div><\/div><\/div><\/span><\/p>\n<div class=\"accordion\"><div class=\"accordion_head\"><a href=\"#\"><p class=\"interactive\">A trip to Chambord<\/p><\/a><\/div><div class=\"accordion_content\"><div class=\"accordion_inner\"><p class=\"interactive\"><\/p>\n<h2>A trip to Chambord<\/h2>\n<ul>\n<li><a href=\"\/wp-content\/uploads\/2016\/03\/le-chateau-de-chambord-se-refletant-dans-l-eau.jpg\" rel=\"attachment wp-att-501\"><img loading=\"lazy\" decoding=\"async\" class=\"size-medium wp-image-501 alignleft\" style=\"padding-right: 20px;\" src=\"\/wp-content\/uploads\/2016\/03\/le-chateau-de-chambord-se-refletant-dans-l-eau-300x199.jpg\" alt=\"Loire medieval relay\" width=\"178\" height=\"118\" srcset=\"https:\/\/louis11.com\/wp-content\/uploads\/2016\/03\/le-chateau-de-chambord-se-refletant-dans-l-eau-300x199.jpg 300w, https:\/\/louis11.com\/wp-content\/uploads\/2016\/03\/le-chateau-de-chambord-se-refletant-dans-l-eau-768x510.jpg 768w, https:\/\/louis11.com\/wp-content\/uploads\/2016\/03\/le-chateau-de-chambord-se-refletant-dans-l-eau.jpg 800w\" sizes=\"(max-width: 178px) 100vw, 178px\" \/><\/a>1 night in a superior room<\/li>\n<li>1 evening dinner - 3 courses<\/li>\n<li>2 breakfasts<\/li>\n<li>2 tickets for the Chateau de Chambord<\/li>\n<\/ul>\n<p>239\u20ac<\/p>\n<p style=\"text-align: center;\"><a class=\"butn\" href=\"\/en\/holiday-offer-on-board-meung-sur-loire\/\" target=\"\">Offer<\/a><\/p>\n<p><\/p><\/div><\/div><\/div>\n<p>&nbsp;<\/p>\n<p><a href=\"\/wp-content\/uploads\/2016\/03\/2016-03-01-17.06.05.jpg\" rel=\"attachment wp-att-716\"><img loading=\"lazy\" decoding=\"async\" class=\"wp-image-716 alignleft\" src=\"\/wp-content\/uploads\/2016\/03\/2016-03-01-17.06.05.jpg\" alt=\"Relais louis XI\" width=\"155\" height=\"232\" srcset=\"https:\/\/louis11.com\/wp-content\/uploads\/2016\/03\/2016-03-01-17.06.05.jpg 1000w, https:\/\/louis11.com\/wp-content\/uploads\/2016\/03\/2016-03-01-17.06.05-200x300.jpg 200w, https:\/\/louis11.com\/wp-content\/uploads\/2016\/03\/2016-03-01-17.06.05-768x1152.jpg 768w, https:\/\/louis11.com\/wp-content\/uploads\/2016\/03\/2016-03-01-17.06.05-683x1024.jpg 683w\" sizes=\"(max-width: 155px) 100vw, 155px\" \/><\/a><\/p>\n<p><a href=\"\/wp-content\/uploads\/2016\/03\/0071.jpg\" rel=\"attachment wp-att-148\"><img loading=\"lazy\" decoding=\"async\" class=\"wp-image-148 alignleft\" src=\"\/wp-content\/uploads\/2016\/03\/0071.jpg\" alt=\"0071\" width=\"155\" height=\"233\" srcset=\"https:\/\/louis11.com\/wp-content\/uploads\/2016\/03\/0071.jpg 1000w, https:\/\/louis11.com\/wp-content\/uploads\/2016\/03\/0071-200x300.jpg 200w, https:\/\/louis11.com\/wp-content\/uploads\/2016\/03\/0071-768x1152.jpg 768w, https:\/\/louis11.com\/wp-content\/uploads\/2016\/03\/0071-683x1024.jpg 683w\" sizes=\"(max-width: 155px) 100vw, 155px\" \/><\/a><\/p>\n<p><a href=\"\/wp-content\/uploads\/2016\/03\/0004.jpg\" rel=\"attachment wp-att-94\"><img loading=\"lazy\" decoding=\"async\" class=\"wp-image-94 alignleft\" src=\"\/wp-content\/uploads\/2016\/03\/0004.jpg\" alt=\"0004\" width=\"155\" height=\"233\" srcset=\"https:\/\/louis11.com\/wp-content\/uploads\/2016\/03\/0004.jpg 1000w, https:\/\/louis11.com\/wp-content\/uploads\/2016\/03\/0004-200x300.jpg 200w, https:\/\/louis11.com\/wp-content\/uploads\/2016\/03\/0004-768x1152.jpg 768w, https:\/\/louis11.com\/wp-content\/uploads\/2016\/03\/0004-683x1024.jpg 683w\" sizes=\"(max-width: 155px) 100vw, 155px\" \/><\/a><a href=\"\/wp-content\/uploads\/2016\/03\/MG_6684.jpg\" rel=\"attachment wp-att-65\"><img loading=\"lazy\" decoding=\"async\" class=\"wp-image-65 alignleft\" src=\"\/wp-content\/uploads\/2016\/03\/MG_6684.jpg\" alt=\"_MG_6684\" width=\"155\" height=\"233\" srcset=\"https:\/\/louis11.com\/wp-content\/uploads\/2016\/03\/MG_6684.jpg 1000w, https:\/\/louis11.com\/wp-content\/uploads\/2016\/03\/MG_6684-200x300.jpg 200w, https:\/\/louis11.com\/wp-content\/uploads\/2016\/03\/MG_6684-768x1152.jpg 768w, https:\/\/louis11.com\/wp-content\/uploads\/2016\/03\/MG_6684-683x1024.jpg 683w\" sizes=\"(max-width: 155px) 100vw, 155px\" \/><\/a><\/p>\n<p>&nbsp;<\/p>\n<p style=\"text-align: center;\"><a class=\"butn\" href=\"https:\/\/www.secure-direct-hotel-booking.com\/module_booking_engine\/index.php?id_etab=9fdeb4dc42b9ae4c61c9ff7e0b0857b8&langue=francais\" target=\"_blank\">SEE AVAILABILITY<\/a><\/p>","protected":false},"excerpt":{"rendered":"<p>Would you like to offer one of our gift boxes to someone close to you? The principle is simple: offer someone one of our services in the form of a \"Gift Voucher\" [...].<\/p>","protected":false},"author":1,"featured_media":0,"parent":0,"menu_order":0,"comment_status":"closed","ping_status":"closed","template":"","meta":{"footnotes":""},"yoast_head":"<!-- This site is optimized with the Yoast SEO plugin v22.9 - https:\/\/yoast.com\/wordpress\/plugins\/seo\/ -->\n<title>H\u00f4tel Restaurant Le Relais Louis XI - Offres et cadeaux<\/title>\n<meta name=\"description\" content=\"Vous souhaitez offrir un coffret cadeau \u00e0 un proche ou profiter d&#039;une offre pour un s\u00e9jour dans notre h\u00f4tel \u00e0 Meung sur Loire? Retrouvez les sur cette page\" \/>\n<meta name=\"robots\" content=\"index, follow, max-snippet:-1, max-image-preview:large, max-video-preview:-1\" \/>\n<link rel=\"canonical\" href=\"https:\/\/louis11.com\/en\/offers-and-gifts\/\" \/>\n<meta property=\"og:locale\" content=\"en_GB\" \/>\n<meta property=\"og:type\" content=\"article\" \/>\n<meta property=\"og:title\" content=\"H\u00f4tel Restaurant Le Relais Louis XI - Offres et cadeaux\" \/>\n<meta property=\"og:description\" content=\"Vous souhaitez offrir un coffret cadeau \u00e0 un proche ou profiter d&#039;une offre pour un s\u00e9jour dans notre h\u00f4tel \u00e0 Meung sur Loire? Retrouvez les sur cette page\" \/>\n<meta property=\"og:url\" content=\"https:\/\/louis11.com\/en\/offers-and-gifts\/\" \/>\n<meta property=\"og:site_name\" content=\"H\u00f4tel Restaurant Louis 11 Meung Sur Loire\" \/>\n<meta property=\"article:publisher\" content=\"https:\/\/www.facebook.com\/Le-Relais-Louis-XI-118207564950606\/?fref=ts\" \/>\n<meta property=\"article:modified_time\" content=\"2023-10-25T08:29:21+00:00\" \/>\n<meta name=\"twitter:card\" content=\"summary_large_image\" \/>\n<meta name=\"twitter:label1\" content=\"Estimated reading time\" \/>\n\t<meta name=\"twitter:data1\" content=\"1 minute\" \/>\n<script type=\"application\/ld+json\" class=\"yoast-schema-graph\">{\"@context\":\"https:\/\/schema.org\",\"@graph\":[{\"@type\":\"WebPage\",\"@id\":\"https:\/\/louis11.com\/offres-et-cadeaux\/\",\"url\":\"https:\/\/louis11.com\/offres-et-cadeaux\/\",\"name\":\"H\u00f4tel Restaurant Le Relais Louis XI - Offres et cadeaux\",\"isPartOf\":{\"@id\":\"https:\/\/louis11.com\/#website\"},\"datePublished\":\"2016-03-02T11:32:58+00:00\",\"dateModified\":\"2023-10-25T08:29:21+00:00\",\"description\":\"Vous souhaitez offrir un coffret cadeau \u00e0 un proche ou profiter d'une offre pour un s\u00e9jour dans notre h\u00f4tel \u00e0 Meung sur Loire? Retrouvez les sur cette page\",\"breadcrumb\":{\"@id\":\"https:\/\/louis11.com\/offres-et-cadeaux\/#breadcrumb\"},\"inLanguage\":\"en-GB\",\"potentialAction\":[{\"@type\":\"ReadAction\",\"target\":[\"https:\/\/louis11.com\/offres-et-cadeaux\/\"]}]},{\"@type\":\"BreadcrumbList\",\"@id\":\"https:\/\/louis11.com\/offres-et-cadeaux\/#breadcrumb\",\"itemListElement\":[{\"@type\":\"ListItem\",\"position\":1,\"name\":\"Accueil\",\"item\":\"https:\/\/louis11.com\/hotel-restaurant-relais-louis-11-meung-loire\/\"},{\"@type\":\"ListItem\",\"position\":2,\"name\":\"Offres et Cadeaux\"}]},{\"@type\":\"WebSite\",\"@id\":\"https:\/\/louis11.com\/#website\",\"url\":\"https:\/\/louis11.com\/\",\"name\":\"H\u00f4tel Restaurant Louis 11 Meung Sur Loire\",\"description\":\"h\u00f4tel restaurant \u00e0 Meung sur Loire\",\"potentialAction\":[{\"@type\":\"SearchAction\",\"target\":{\"@type\":\"EntryPoint\",\"urlTemplate\":\"https:\/\/louis11.com\/?s={search_term_string}\"},\"query-input\":\"required name=search_term_string\"}],\"inLanguage\":\"en-GB\"}]}<\/script>\n<!-- \/ Yoast SEO plugin. -->","yoast_head_json":{"title":"H\u00f4tel Restaurant Le Relais Louis XI - Offres et cadeaux","description":"Vous souhaitez offrir un coffret cadeau \u00e0 un proche ou profiter d'une offre pour un s\u00e9jour dans notre h\u00f4tel \u00e0 Meung sur Loire? Retrouvez les sur cette page","robots":{"index":"index","follow":"follow","max-snippet":"max-snippet:-1","max-image-preview":"max-image-preview:large","max-video-preview":"max-video-preview:-1"},"canonical":"https:\/\/louis11.com\/en\/offers-and-gifts\/","og_locale":"en_GB","og_type":"article","og_title":"H\u00f4tel Restaurant Le Relais Louis XI - Offres et cadeaux","og_description":"Vous souhaitez offrir un coffret cadeau \u00e0 un proche ou profiter d'une offre pour un s\u00e9jour dans notre h\u00f4tel \u00e0 Meung sur Loire? Retrouvez les sur cette page","og_url":"https:\/\/louis11.com\/en\/offers-and-gifts\/","og_site_name":"H\u00f4tel Restaurant Louis 11 Meung Sur Loire","article_publisher":"https:\/\/www.facebook.com\/Le-Relais-Louis-XI-118207564950606\/?fref=ts","article_modified_time":"2023-10-25T08:29:21+00:00","twitter_card":"summary_large_image","twitter_misc":{"Estimated reading time":"1 minute"},"schema":{"@context":"https:\/\/schema.org","@graph":[{"@type":"WebPage","@id":"https:\/\/louis11.com\/offres-et-cadeaux\/","url":"https:\/\/louis11.com\/offres-et-cadeaux\/","name":"H\u00f4tel Restaurant Le Relais Louis XI - Offres et cadeaux","isPartOf":{"@id":"https:\/\/louis11.com\/#website"},"datePublished":"2016-03-02T11:32:58+00:00","dateModified":"2023-10-25T08:29:21+00:00","description":"Vous souhaitez offrir un coffret cadeau \u00e0 un proche ou profiter d'une offre pour un s\u00e9jour dans notre h\u00f4tel \u00e0 Meung sur Loire? Retrouvez les sur cette page","breadcrumb":{"@id":"https:\/\/louis11.com\/offres-et-cadeaux\/#breadcrumb"},"inLanguage":"en-GB","potentialAction":[{"@type":"ReadAction","target":["https:\/\/louis11.com\/offres-et-cadeaux\/"]}]},{"@type":"BreadcrumbList","@id":"https:\/\/louis11.com\/offres-et-cadeaux\/#breadcrumb","itemListElement":[{"@type":"ListItem","position":1,"name":"Accueil","item":"https:\/\/louis11.com\/hotel-restaurant-relais-louis-11-meung-loire\/"},{"@type":"ListItem","position":2,"name":"Offres et Cadeaux"}]},{"@type":"WebSite","@id":"https:\/\/louis11.com\/#website","url":"https:\/\/louis11.com\/","name":"H\u00f4tel Restaurant Louis 11 Meung Sur Loire","description":"h\u00f4tel restaurant \u00e0 Meung sur Loire","potentialAction":[{"@type":"SearchAction","target":{"@type":"EntryPoint","urlTemplate":"https:\/\/louis11.com\/?s={search_term_string}"},"query-input":"required name=search_term_string"}],"inLanguage":"en-GB"}]}},"_links":{"self":[{"href":"https:\/\/louis11.com\/en\/wp-json\/wp\/v2\/pages\/13"}],"collection":[{"href":"https:\/\/louis11.com\/en\/wp-json\/wp\/v2\/pages"}],"about":[{"href":"https:\/\/louis11.com\/en\/wp-json\/wp\/v2\/types\/page"}],"author":[{"embeddable":true,"href":"https:\/\/louis11.com\/en\/wp-json\/wp\/v2\/users\/1"}],"replies":[{"embeddable":true,"href":"https:\/\/louis11.com\/en\/wp-json\/wp\/v2\/comments?post=13"}],"version-history":[{"count":1,"href":"https:\/\/louis11.com\/en\/wp-json\/wp\/v2\/pages\/13\/revisions"}],"predecessor-version":[{"id":1058,"href":"https:\/\/louis11.com\/en\/wp-json\/wp\/v2\/pages\/13\/revisions\/1058"}],"wp:attachment":[{"href":"https:\/\/louis11.com\/en\/wp-json\/wp\/v2\/media?parent=13"}],"curies":[{"name":"wp","href":"https:\/\/api.w.org\/{rel}","templated":true}]}}