
{"id":415,"date":"2016-03-22T15:39:09","date_gmt":"2016-03-22T14:39:09","guid":{"rendered":"http:\/\/louis11.com\/?page_id=415"},"modified":"2023-10-25T09:28:41","modified_gmt":"2023-10-25T08:28:41","slug":"mariage-seminaire-evenementiel","status":"publish","type":"page","link":"https:\/\/louis11.com\/de\/hochzeit-seminar-event\/","title":{"rendered":"Hochzeiten - Seminare"},"content":{"rendered":"<div class=\"eight mobile-eight columns\" style=\"padding-left: 0px;\"><p><br \/>\nF\u00fcr alle Fragen zur Organisation einer Hochzeit,<\/br> Seminar oder andere Veranstaltungen, z\u00f6gern Sie nicht, uns anzurufen unter\u00a0<\/br><br \/>\n<strong> +33 (0)2 38 44 27 71 <\/strong><\/p>\n<p>oder verwenden Sie das untenstehende Formular. Wir werden Ihnen so schnell wie m\u00f6glich antworten!<\/p>\n<p>&nbsp;<\/p>\n<p><!-- Post -->\n\t\t\t<div class=\"row\">\n                <div class=\"eight mobile-twelve columns\">\n\t\t\t\t\t\n\t\t\t\t<form method=\"post\" action=\"\/de\/php\/contact-send.php\/\" id=\"contact_form\" data-trp-original-action=\"php\/contact-send.php\">\n\n\t\t\t\t<div class=\"row\"><label class=\"form_label\" for=\"form_name\">Name<\/label>\n\t\t\t\t\t<input id=\"form_name\" type=\"text\" name=\"name\" class=\"six columns text center\"  value=\"Name\"\/>\n\t\t\t\t<\/div>\n\n\t\t\t\t<br\/>\t\n\t\t\t\t<div class=\"row\"><label class=\"form_label\" for=\"form_email\">E-Mail<\/label>\n\t\t\t\t\t<input id=\"form_email\" type=\"text\" name=\"email\" class=\"six columns\" value=\"E-mail\" \/>\n\t\t\t\t<\/div>\n\t\t\t\t\n\t\t\t\t<br\/>\t\t\t\t\t\n\t\t\t\t<div class=\"row\"><label class=\"form_label\" for=\"form_message\">Nachricht<\/label>\n\t\t\t\t\t<textarea id=\"form_message\" class=\"twelve columns\" rows=\"12\" name=\"message\"  placeholder=\"Nachricht\">Message<\/textarea>\n\t\t\t\t<\/div>\n\t\t\n\t\t\t\t\t<input id=\"form_submit\" type=\"submit\" name=\"submit\" class=\"send-link\" value=\"Nachricht senden\" \/>\n\n\t\t\t\t\t<input  name=\"input_to_email\" type=\"hidden\" value=\"info@louis11.com\" \/>\n\t\t\t\t\n\t\t\t\t\t<!-- hidden input for basic spam protection -->\n\t\t\t\t\t<div class=\"hide\">\n\t\t\t\t\t\t<label for=\"spamCheck\">Do not fill out this field<\/label>\n\t\t\t\t\t\t<input id=\"spamCheck\" name=\"spam_check\" type=\"text\" value=\"\" \/>\n\t\t\t\t\t<\/div>\t\n\t\t\t\t\t\t\n\t\t\t\t<input type=\"hidden\" name=\"trp-form-language\" value=\"de\"\/><\/form>\t\n\t\t\t\t<!-- contact form ends here-->\t\n\t\t\n\t\t\t\t<!-- This div will be shown if mail was sent successfully -->\t\t\n\t\t\t\t<div class=\"hide success\">\n\t\t\t\t\t<p><\/p>\n\t\t\t\t<\/div>\n\t\t\t\n\t\t\t\t\n\t\t\t <\/div>\n\t\t\t<\/div>\n\t\t\t<!-- Post ends here --><br \/>\n<\/p><\/div>\n<div class=\"four mobile-four columns\"  style=\"padding-left: 0px;\"><p><br \/>\n<a href=\"https:\/\/louis11.com\/wp-content\/uploads\/2016\/03\/activite-414-1.jpg\" rel=\"attachment wp-att-525\"><img loading=\"lazy\" decoding=\"async\" src=\"https:\/\/louis11.com\/wp-content\/uploads\/2016\/03\/activite-414-1-300x147.jpg\" alt=\"Einf\u00fchrung in das Kanufahren an den Ufern der Loire im Relais Louis XI\" width=\"300\" height=\"147\" class=\"alignnone size-medium wp-image-525\" srcset=\"https:\/\/louis11.com\/wp-content\/uploads\/2016\/03\/activite-414-1-300x147.jpg 300w, https:\/\/louis11.com\/wp-content\/uploads\/2016\/03\/activite-414-1.jpg 590w\" sizes=\"(max-width: 300px) 100vw, 300px\" \/><\/a><\/p>\n<p><a href=\"https:\/\/louis11.com\/wp-content\/uploads\/2016\/03\/800px-Pont_Wilson_sur_la_Loire_a_Tours_DSC_0455.jpg\" rel=\"attachment wp-att-383\"><img loading=\"lazy\" decoding=\"async\" src=\"https:\/\/louis11.com\/wp-content\/uploads\/2016\/03\/800px-Pont_Wilson_sur_la_Loire_a_Tours_DSC_0455-300x199.jpg\" alt=\"Einf\u00fchrung in das Kanufahren an den Ufern der Loire im Relais Louis XI\" width=\"300\" height=\"199\" class=\"alignnone size-medium wp-image-383\" srcset=\"https:\/\/louis11.com\/wp-content\/uploads\/2016\/03\/800px-Pont_Wilson_sur_la_Loire_a_Tours_DSC_0455-300x199.jpg 300w, https:\/\/louis11.com\/wp-content\/uploads\/2016\/03\/800px-Pont_Wilson_sur_la_Loire_a_Tours_DSC_0455-768x509.jpg 768w, https:\/\/louis11.com\/wp-content\/uploads\/2016\/03\/800px-Pont_Wilson_sur_la_Loire_a_Tours_DSC_0455.jpg 800w\" sizes=\"(max-width: 300px) 100vw, 300px\" \/><\/a><\/p>\n<p><a href=\"https:\/\/louis11.com\/wp-content\/uploads\/2016\/03\/CANOE-2.jpg\" rel=\"attachment wp-att-526\"><img loading=\"lazy\" decoding=\"async\" src=\"https:\/\/louis11.com\/wp-content\/uploads\/2016\/03\/CANOE-2-300x200.jpg\" alt=\"Seminar Meung sur Loire\" width=\"300\" height=\"200\" class=\"alignnone size-medium wp-image-526\" srcset=\"https:\/\/louis11.com\/wp-content\/uploads\/2016\/03\/CANOE-2-300x200.jpg 300w, https:\/\/louis11.com\/wp-content\/uploads\/2016\/03\/CANOE-2.jpg 620w\" sizes=\"(max-width: 300px) 100vw, 300px\" \/><\/a><\/p>\n<div style=\"border:1px solid #FFFFFF;padding:2%;text-align:center;\">W\u00e4hrend der Saison werden von 14 bis 16 Uhr an den Ufern der Loire Einf\u00fchrungskurse f\u00fcr Kanu und Kajak angeboten. <\/div>\n<p><\/p><\/div>\n<p style=\"text-align: center;\"><a class=\"butn\" href=\"https:\/\/www.secure-direct-hotel-booking.com\/module_booking_engine\/index.php?id_etab=9fdeb4dc42b9ae4c61c9ff7e0b0857b8&langue=francais\" target=\"_blank\">DIE VERF\u00dcGBARKEITEN SEHEN<\/a><\/p>","protected":false},"excerpt":{"rendered":"","protected":false},"author":1,"featured_media":0,"parent":0,"menu_order":0,"comment_status":"closed","ping_status":"closed","template":"","meta":{"footnotes":""},"yoast_head":"<!-- This site is optimized with the Yoast SEO plugin v22.9 - https:\/\/yoast.com\/wordpress\/plugins\/seo\/ -->\n<title>H\u00f4tel Restaurant Le Relais Louis XI - Mariages, s\u00e9minaires<\/title>\n<meta name=\"description\" content=\"Vous organisez votre mariage ou s\u00e9minaire dans le Centre - Val de Loire? Notre h\u00f4tel vous propose ses chambres et suites! Contactez nous sur cette page.\" \/>\n<meta name=\"robots\" content=\"index, follow, max-snippet:-1, max-image-preview:large, max-video-preview:-1\" \/>\n<link rel=\"canonical\" href=\"https:\/\/louis11.com\/de\/hochzeit-seminar-event\/\" \/>\n<meta property=\"og:locale\" content=\"de_DE\" \/>\n<meta property=\"og:type\" content=\"article\" \/>\n<meta property=\"og:title\" content=\"H\u00f4tel Restaurant Le Relais Louis XI - Mariages, s\u00e9minaires\" \/>\n<meta property=\"og:description\" content=\"Vous organisez votre mariage ou s\u00e9minaire dans le Centre - Val de Loire? Notre h\u00f4tel vous propose ses chambres et suites! Contactez nous sur cette page.\" \/>\n<meta property=\"og:url\" content=\"https:\/\/louis11.com\/de\/hochzeit-seminar-event\/\" \/>\n<meta property=\"og:site_name\" content=\"H\u00f4tel Restaurant Louis 11 Meung Sur Loire\" \/>\n<meta property=\"article:publisher\" content=\"https:\/\/www.facebook.com\/Le-Relais-Louis-XI-118207564950606\/?fref=ts\" \/>\n<meta property=\"article:modified_time\" content=\"2023-10-25T08:28:41+00:00\" \/>\n<meta property=\"og:image\" content=\"https:\/\/louis11.com\/wp-content\/uploads\/2016\/03\/activite-414-1-300x147.jpg\" \/>\n<meta name=\"twitter:card\" content=\"summary_large_image\" \/>\n<meta name=\"twitter:label1\" content=\"Gesch\u00e4tzte Lesezeit\" \/>\n\t<meta name=\"twitter:data1\" content=\"1\u00a0Minute\" \/>\n<script type=\"application\/ld+json\" class=\"yoast-schema-graph\">{\"@context\":\"https:\/\/schema.org\",\"@graph\":[{\"@type\":\"WebPage\",\"@id\":\"https:\/\/louis11.com\/mariage-seminaire-evenementiel\/\",\"url\":\"https:\/\/louis11.com\/mariage-seminaire-evenementiel\/\",\"name\":\"H\u00f4tel Restaurant Le Relais Louis XI - Mariages, s\u00e9minaires\",\"isPartOf\":{\"@id\":\"https:\/\/louis11.com\/#website\"},\"primaryImageOfPage\":{\"@id\":\"https:\/\/louis11.com\/mariage-seminaire-evenementiel\/#primaryimage\"},\"image\":{\"@id\":\"https:\/\/louis11.com\/mariage-seminaire-evenementiel\/#primaryimage\"},\"thumbnailUrl\":\"https:\/\/louis11.com\/wp-content\/uploads\/2016\/03\/activite-414-1-300x147.jpg\",\"datePublished\":\"2016-03-22T14:39:09+00:00\",\"dateModified\":\"2023-10-25T08:28:41+00:00\",\"description\":\"Vous organisez votre mariage ou s\u00e9minaire dans le Centre - Val de Loire? Notre h\u00f4tel vous propose ses chambres et suites! Contactez nous sur cette page.\",\"breadcrumb\":{\"@id\":\"https:\/\/louis11.com\/mariage-seminaire-evenementiel\/#breadcrumb\"},\"inLanguage\":\"de\",\"potentialAction\":[{\"@type\":\"ReadAction\",\"target\":[\"https:\/\/louis11.com\/mariage-seminaire-evenementiel\/\"]}]},{\"@type\":\"ImageObject\",\"inLanguage\":\"de\",\"@id\":\"https:\/\/louis11.com\/mariage-seminaire-evenementiel\/#primaryimage\",\"url\":\"https:\/\/louis11.com\/wp-content\/uploads\/2016\/03\/activite-414-1-300x147.jpg\",\"contentUrl\":\"https:\/\/louis11.com\/wp-content\/uploads\/2016\/03\/activite-414-1-300x147.jpg\"},{\"@type\":\"BreadcrumbList\",\"@id\":\"https:\/\/louis11.com\/mariage-seminaire-evenementiel\/#breadcrumb\",\"itemListElement\":[{\"@type\":\"ListItem\",\"position\":1,\"name\":\"Accueil\",\"item\":\"https:\/\/louis11.com\/hotel-restaurant-relais-louis-11-meung-loire\/\"},{\"@type\":\"ListItem\",\"position\":2,\"name\":\"Mariages &#8211; S\u00e9minaires\"}]},{\"@type\":\"WebSite\",\"@id\":\"https:\/\/louis11.com\/#website\",\"url\":\"https:\/\/louis11.com\/\",\"name\":\"H\u00f4tel Restaurant Louis 11 Meung Sur Loire\",\"description\":\"h\u00f4tel restaurant \u00e0 Meung sur Loire\",\"potentialAction\":[{\"@type\":\"SearchAction\",\"target\":{\"@type\":\"EntryPoint\",\"urlTemplate\":\"https:\/\/louis11.com\/?s={search_term_string}\"},\"query-input\":\"required name=search_term_string\"}],\"inLanguage\":\"de\"}]}<\/script>\n<!-- \/ Yoast SEO plugin. -->","yoast_head_json":{"title":"H\u00f4tel Restaurant Le Relais Louis XI - Mariages, s\u00e9minaires","description":"Vous organisez votre mariage ou s\u00e9minaire dans le Centre - Val de Loire? Notre h\u00f4tel vous propose ses chambres et suites! Contactez nous sur cette page.","robots":{"index":"index","follow":"follow","max-snippet":"max-snippet:-1","max-image-preview":"max-image-preview:large","max-video-preview":"max-video-preview:-1"},"canonical":"https:\/\/louis11.com\/de\/hochzeit-seminar-event\/","og_locale":"de_DE","og_type":"article","og_title":"H\u00f4tel Restaurant Le Relais Louis XI - Mariages, s\u00e9minaires","og_description":"Vous organisez votre mariage ou s\u00e9minaire dans le Centre - Val de Loire? Notre h\u00f4tel vous propose ses chambres et suites! Contactez nous sur cette page.","og_url":"https:\/\/louis11.com\/de\/hochzeit-seminar-event\/","og_site_name":"H\u00f4tel Restaurant Louis 11 Meung Sur Loire","article_publisher":"https:\/\/www.facebook.com\/Le-Relais-Louis-XI-118207564950606\/?fref=ts","article_modified_time":"2023-10-25T08:28:41+00:00","og_image":[{"url":"https:\/\/louis11.com\/wp-content\/uploads\/2016\/03\/activite-414-1-300x147.jpg"}],"twitter_card":"summary_large_image","twitter_misc":{"Gesch\u00e4tzte Lesezeit":"1\u00a0Minute"},"schema":{"@context":"https:\/\/schema.org","@graph":[{"@type":"WebPage","@id":"https:\/\/louis11.com\/mariage-seminaire-evenementiel\/","url":"https:\/\/louis11.com\/mariage-seminaire-evenementiel\/","name":"H\u00f4tel Restaurant Le Relais Louis XI - Mariages, s\u00e9minaires","isPartOf":{"@id":"https:\/\/louis11.com\/#website"},"primaryImageOfPage":{"@id":"https:\/\/louis11.com\/mariage-seminaire-evenementiel\/#primaryimage"},"image":{"@id":"https:\/\/louis11.com\/mariage-seminaire-evenementiel\/#primaryimage"},"thumbnailUrl":"https:\/\/louis11.com\/wp-content\/uploads\/2016\/03\/activite-414-1-300x147.jpg","datePublished":"2016-03-22T14:39:09+00:00","dateModified":"2023-10-25T08:28:41+00:00","description":"Vous organisez votre mariage ou s\u00e9minaire dans le Centre - Val de Loire? Notre h\u00f4tel vous propose ses chambres et suites! Contactez nous sur cette page.","breadcrumb":{"@id":"https:\/\/louis11.com\/mariage-seminaire-evenementiel\/#breadcrumb"},"inLanguage":"de","potentialAction":[{"@type":"ReadAction","target":["https:\/\/louis11.com\/mariage-seminaire-evenementiel\/"]}]},{"@type":"ImageObject","inLanguage":"de","@id":"https:\/\/louis11.com\/mariage-seminaire-evenementiel\/#primaryimage","url":"https:\/\/louis11.com\/wp-content\/uploads\/2016\/03\/activite-414-1-300x147.jpg","contentUrl":"https:\/\/louis11.com\/wp-content\/uploads\/2016\/03\/activite-414-1-300x147.jpg"},{"@type":"BreadcrumbList","@id":"https:\/\/louis11.com\/mariage-seminaire-evenementiel\/#breadcrumb","itemListElement":[{"@type":"ListItem","position":1,"name":"Accueil","item":"https:\/\/louis11.com\/hotel-restaurant-relais-louis-11-meung-loire\/"},{"@type":"ListItem","position":2,"name":"Mariages &#8211; S\u00e9minaires"}]},{"@type":"WebSite","@id":"https:\/\/louis11.com\/#website","url":"https:\/\/louis11.com\/","name":"H\u00f4tel Restaurant Louis 11 Meung Sur Loire","description":"h\u00f4tel restaurant \u00e0 Meung sur Loire","potentialAction":[{"@type":"SearchAction","target":{"@type":"EntryPoint","urlTemplate":"https:\/\/louis11.com\/?s={search_term_string}"},"query-input":"required name=search_term_string"}],"inLanguage":"de"}]}},"_links":{"self":[{"href":"https:\/\/louis11.com\/de\/wp-json\/wp\/v2\/pages\/415"}],"collection":[{"href":"https:\/\/louis11.com\/de\/wp-json\/wp\/v2\/pages"}],"about":[{"href":"https:\/\/louis11.com\/de\/wp-json\/wp\/v2\/types\/page"}],"author":[{"embeddable":true,"href":"https:\/\/louis11.com\/de\/wp-json\/wp\/v2\/users\/1"}],"replies":[{"embeddable":true,"href":"https:\/\/louis11.com\/de\/wp-json\/wp\/v2\/comments?post=415"}],"version-history":[{"count":1,"href":"https:\/\/louis11.com\/de\/wp-json\/wp\/v2\/pages\/415\/revisions"}],"predecessor-version":[{"id":1057,"href":"https:\/\/louis11.com\/de\/wp-json\/wp\/v2\/pages\/415\/revisions\/1057"}],"wp:attachment":[{"href":"https:\/\/louis11.com\/de\/wp-json\/wp\/v2\/media?parent=415"}],"curies":[{"name":"wp","href":"https:\/\/api.w.org\/{rel}","templated":true}]}}