
{"id":212,"date":"2016-03-02T14:31:28","date_gmt":"2016-03-02T13:31:28","guid":{"rendered":"http:\/\/louis11.com\/?page_id=212"},"modified":"2023-10-25T09:33:50","modified_gmt":"2023-10-25T08:33:50","slug":"contact","status":"publish","type":"page","link":"https:\/\/louis11.com\/de\/kontakt\/","title":{"rendered":"Kontakt"},"content":{"rendered":"<div style=\"padding:4%;\"><span style=\"line-height: 1.5;\"><div class=\"eight mobile-eight columns\" style=\"padding-left: 0px;\"><p><\/span><\/p>\n\n<div class=\"wpcf7 no-js\" id=\"wpcf7-f507-o1\" lang=\"fr-FR\" dir=\"ltr\">\n<div class=\"screen-reader-response\"><p role=\"status\" aria-live=\"polite\" aria-atomic=\"true\"><\/p> <ul><\/ul><\/div>\n<form action=\"\/wp-json\/wp\/v2\/pages\/212\" method=\"post\" class=\"wpcf7-form init\" aria-label=\"Kontaktformular\" novalidate=\"novalidate\" data-status=\"init\" data-trp-original-action=\"\/de\/wp-json\/wp\/v2\/pages\/212#wpcf7-f507-o1\">\n<div style=\"display: none;\">\n<input type=\"hidden\" name=\"_wpcf7\" value=\"507\" \/>\n<input type=\"hidden\" name=\"_wpcf7_version\" value=\"5.9.6\" \/>\n<input type=\"hidden\" name=\"_wpcf7_locale\" value=\"fr_FR\" \/>\n<input type=\"hidden\" name=\"_wpcf7_unit_tag\" value=\"wpcf7-f507-o1\" \/>\n<input type=\"hidden\" name=\"_wpcf7_container_post\" value=\"0\" \/>\n<input type=\"hidden\" name=\"_wpcf7_posted_data_hash\" value=\"\" \/>\n<\/div>\n<p class=\"enblanc\">Ihr Name (erforderlich)\n<\/p>\n<p><span class=\"wpcf7-form-control-wrap\" data-name=\"your-name\"><input size=\"40\" maxlength=\"80\" class=\"wpcf7-form-control wpcf7-text wpcf7-validates-as-required\" aria-required=\"true\" aria-invalid=\"false\" value=\"\" type=\"text\" name=\"your-name\" \/><\/span>\n<\/p>\n<p class=\"enblanc\">Ihre E-Mail (erforderlich)\n<\/p>\n<p><span class=\"wpcf7-form-control-wrap\" data-name=\"your-email\"><input size=\"40\" maxlength=\"80\" class=\"wpcf7-form-control wpcf7-email wpcf7-validates-as-required wpcf7-text wpcf7-validates-as-email\" aria-required=\"true\" aria-invalid=\"false\" value=\"\" type=\"email\" name=\"your-email\" \/><\/span>\n<\/p>\n<p class=\"enblanc\">Ihre Nachricht\n<\/p>\n<p><span class=\"wpcf7-form-control-wrap\" data-name=\"your-message\"><textarea cols=\"40\" rows=\"10\" maxlength=\"400\" class=\"wpcf7-form-control wpcf7-textarea\" aria-invalid=\"false\" placeholder=\"Nachricht\" name=\"your-message\"><\/textarea><\/span>\n<\/p>\n<p class=\"enblanc\"><input class=\"wpcf7-form-control wpcf7-submit has-spinner\" type=\"submit\" value=\"Senden Sie\" \/>\n<\/p><div class=\"wpcf7-response-output\" aria-hidden=\"true\"><\/div>\n<input type=\"hidden\" name=\"trp-form-language\" value=\"de\"\/><\/form>\n<\/div>\n\n<p><\/p><\/div>\n<\/p><\/div>\n<p><div class=\"four mobile-four columns\" style=\"padding-left: 0px;\"><p><br \/>\nRelais Louis XI Hotel - Restaurant<br \/>\nQuai Jeanne d'Arc - 45130 Meung-sur-Loire<br \/>\nFRANKREICH<\/p>\n<p>Tel.: +33 (0)2 38 44 27 71 Fax: +33 (0)2 38 44 49 86<br \/>\nE-Mail: <a href=\"mailto:info@louis11.ocm\">info@louis11.com<\/a><\/p>\n<p>&nbsp;<\/p>\n<p>Zugriff:<br \/>\nAutobahn A10, Ausfahrt 15<br \/>\n4 km von der Autobahnausfahrt entfernt<\/p>\n<p><\/p><\/div><br \/>\n<iframe loading=\"lazy\" style=\"border: 0;\" src=\"https:\/\/www.google.com\/maps\/embed?pb=!1m18!1m12!1m3!1d10715.076539950574!2d1.7030696032329289!3d47.82469125099154!2m3!1f0!2f0!3f0!3m2!1i1024!2i768!4f13.1!3m3!1m2!1s0x47e4eb60ef0abd5b%3A0xc702351f975add57!2sLe+Relais+Louis+XI!5e0!3m2!1sen!2sfr!4v1456928253358\" width=\"600\" height=\"450\" frameborder=\"0\" allowfullscreen=\"allowfullscreen\"><\/iframe><\/p>\n<p style=\"text-align: center;\"><a class=\"butn\" href=\"https:\/\/www.secure-direct-hotel-booking.com\/module_booking_engine\/index.php?id_etab=9fdeb4dc42b9ae4c61c9ff7e0b0857b8&langue=francais\" target=\"_blank\">DIE VERF\u00dcGBARKEITEN SEHEN<\/a><\/p>","protected":false},"excerpt":{"rendered":"","protected":false},"author":1,"featured_media":0,"parent":0,"menu_order":0,"comment_status":"closed","ping_status":"closed","template":"","meta":{"footnotes":""},"yoast_head":"<!-- This site is optimized with the Yoast SEO plugin v22.9 - https:\/\/yoast.com\/wordpress\/plugins\/seo\/ -->\n<title>H\u00f4tel Restaurant Le Relais Louis XI - Contact<\/title>\n<meta name=\"description\" content=\"Vous souhaitez contacter notre hotel restaurant \u00e0 Meung sur Loire? Utilisez le formulaire sur cette page et nous vous recontacterons au plus vite.\" \/>\n<meta name=\"robots\" content=\"index, follow, max-snippet:-1, max-image-preview:large, max-video-preview:-1\" \/>\n<link rel=\"canonical\" href=\"https:\/\/louis11.com\/de\/kontakt\/\" \/>\n<meta property=\"og:locale\" content=\"de_DE\" \/>\n<meta property=\"og:type\" content=\"article\" \/>\n<meta property=\"og:title\" content=\"H\u00f4tel Restaurant Le Relais Louis XI - Contact\" \/>\n<meta property=\"og:description\" content=\"Vous souhaitez contacter notre hotel restaurant \u00e0 Meung sur Loire? Utilisez le formulaire sur cette page et nous vous recontacterons au plus vite.\" \/>\n<meta property=\"og:url\" content=\"https:\/\/louis11.com\/de\/kontakt\/\" \/>\n<meta property=\"og:site_name\" content=\"H\u00f4tel Restaurant Louis 11 Meung Sur Loire\" \/>\n<meta property=\"article:publisher\" content=\"https:\/\/www.facebook.com\/Le-Relais-Louis-XI-118207564950606\/?fref=ts\" \/>\n<meta property=\"article:modified_time\" content=\"2023-10-25T08:33:50+00:00\" \/>\n<meta name=\"twitter:card\" content=\"summary_large_image\" \/>\n<script type=\"application\/ld+json\" class=\"yoast-schema-graph\">{\"@context\":\"https:\/\/schema.org\",\"@graph\":[{\"@type\":\"WebPage\",\"@id\":\"https:\/\/louis11.com\/contact\/\",\"url\":\"https:\/\/louis11.com\/contact\/\",\"name\":\"H\u00f4tel Restaurant Le Relais Louis XI - Contact\",\"isPartOf\":{\"@id\":\"https:\/\/louis11.com\/#website\"},\"datePublished\":\"2016-03-02T13:31:28+00:00\",\"dateModified\":\"2023-10-25T08:33:50+00:00\",\"description\":\"Vous souhaitez contacter notre hotel restaurant \u00e0 Meung sur Loire? Utilisez le formulaire sur cette page et nous vous recontacterons au plus vite.\",\"breadcrumb\":{\"@id\":\"https:\/\/louis11.com\/contact\/#breadcrumb\"},\"inLanguage\":\"de\",\"potentialAction\":[{\"@type\":\"ReadAction\",\"target\":[\"https:\/\/louis11.com\/contact\/\"]}]},{\"@type\":\"BreadcrumbList\",\"@id\":\"https:\/\/louis11.com\/contact\/#breadcrumb\",\"itemListElement\":[{\"@type\":\"ListItem\",\"position\":1,\"name\":\"Accueil\",\"item\":\"https:\/\/louis11.com\/hotel-restaurant-relais-louis-11-meung-loire\/\"},{\"@type\":\"ListItem\",\"position\":2,\"name\":\"Contact\"}]},{\"@type\":\"WebSite\",\"@id\":\"https:\/\/louis11.com\/#website\",\"url\":\"https:\/\/louis11.com\/\",\"name\":\"H\u00f4tel Restaurant Louis 11 Meung Sur Loire\",\"description\":\"h\u00f4tel restaurant \u00e0 Meung sur Loire\",\"potentialAction\":[{\"@type\":\"SearchAction\",\"target\":{\"@type\":\"EntryPoint\",\"urlTemplate\":\"https:\/\/louis11.com\/?s={search_term_string}\"},\"query-input\":\"required name=search_term_string\"}],\"inLanguage\":\"de\"}]}<\/script>\n<!-- \/ Yoast SEO plugin. -->","yoast_head_json":{"title":"H\u00f4tel Restaurant Le Relais Louis XI - Contact","description":"Vous souhaitez contacter notre hotel restaurant \u00e0 Meung sur Loire? Utilisez le formulaire sur cette page et nous vous recontacterons au plus vite.","robots":{"index":"index","follow":"follow","max-snippet":"max-snippet:-1","max-image-preview":"max-image-preview:large","max-video-preview":"max-video-preview:-1"},"canonical":"https:\/\/louis11.com\/de\/kontakt\/","og_locale":"de_DE","og_type":"article","og_title":"H\u00f4tel Restaurant Le Relais Louis XI - Contact","og_description":"Vous souhaitez contacter notre hotel restaurant \u00e0 Meung sur Loire? Utilisez le formulaire sur cette page et nous vous recontacterons au plus vite.","og_url":"https:\/\/louis11.com\/de\/kontakt\/","og_site_name":"H\u00f4tel Restaurant Louis 11 Meung Sur Loire","article_publisher":"https:\/\/www.facebook.com\/Le-Relais-Louis-XI-118207564950606\/?fref=ts","article_modified_time":"2023-10-25T08:33:50+00:00","twitter_card":"summary_large_image","schema":{"@context":"https:\/\/schema.org","@graph":[{"@type":"WebPage","@id":"https:\/\/louis11.com\/contact\/","url":"https:\/\/louis11.com\/contact\/","name":"H\u00f4tel Restaurant Le Relais Louis XI - Contact","isPartOf":{"@id":"https:\/\/louis11.com\/#website"},"datePublished":"2016-03-02T13:31:28+00:00","dateModified":"2023-10-25T08:33:50+00:00","description":"Vous souhaitez contacter notre hotel restaurant \u00e0 Meung sur Loire? Utilisez le formulaire sur cette page et nous vous recontacterons au plus vite.","breadcrumb":{"@id":"https:\/\/louis11.com\/contact\/#breadcrumb"},"inLanguage":"de","potentialAction":[{"@type":"ReadAction","target":["https:\/\/louis11.com\/contact\/"]}]},{"@type":"BreadcrumbList","@id":"https:\/\/louis11.com\/contact\/#breadcrumb","itemListElement":[{"@type":"ListItem","position":1,"name":"Accueil","item":"https:\/\/louis11.com\/hotel-restaurant-relais-louis-11-meung-loire\/"},{"@type":"ListItem","position":2,"name":"Contact"}]},{"@type":"WebSite","@id":"https:\/\/louis11.com\/#website","url":"https:\/\/louis11.com\/","name":"H\u00f4tel Restaurant Louis 11 Meung Sur Loire","description":"h\u00f4tel restaurant \u00e0 Meung sur Loire","potentialAction":[{"@type":"SearchAction","target":{"@type":"EntryPoint","urlTemplate":"https:\/\/louis11.com\/?s={search_term_string}"},"query-input":"required name=search_term_string"}],"inLanguage":"de"}]}},"_links":{"self":[{"href":"https:\/\/louis11.com\/de\/wp-json\/wp\/v2\/pages\/212"}],"collection":[{"href":"https:\/\/louis11.com\/de\/wp-json\/wp\/v2\/pages"}],"about":[{"href":"https:\/\/louis11.com\/de\/wp-json\/wp\/v2\/types\/page"}],"author":[{"embeddable":true,"href":"https:\/\/louis11.com\/de\/wp-json\/wp\/v2\/users\/1"}],"replies":[{"embeddable":true,"href":"https:\/\/louis11.com\/de\/wp-json\/wp\/v2\/comments?post=212"}],"version-history":[{"count":3,"href":"https:\/\/louis11.com\/de\/wp-json\/wp\/v2\/pages\/212\/revisions"}],"predecessor-version":[{"id":1063,"href":"https:\/\/louis11.com\/de\/wp-json\/wp\/v2\/pages\/212\/revisions\/1063"}],"wp:attachment":[{"href":"https:\/\/louis11.com\/de\/wp-json\/wp\/v2\/media?parent=212"}],"curies":[{"name":"wp","href":"https:\/\/api.w.org\/{rel}","templated":true}]}}