
{"id":17,"date":"2016-03-02T12:33:25","date_gmt":"2016-03-02T11:33:25","guid":{"rendered":"http:\/\/louis11.com\/?page_id=17"},"modified":"2023-10-25T09:30:06","modified_gmt":"2023-10-25T08:30:06","slug":"tarifs","status":"publish","type":"page","link":"https:\/\/louis11.com\/de\/tarife\/","title":{"rendered":"Tarife"},"content":{"rendered":"<p style=\"font-weight: 400;\">Wir akzeptieren Bankkarten, Schecks und Bargeld.<\/p>\n<p style=\"font-weight: 400;\">Wir nehmen keine Urlaubs- und Essensgutscheine an.<\/p>\n<div class=\"six mobile-two columns clearColumn\" style=\"padding-left: 0px;\"><p><\/p>\n<h3 style=\"font-size: 15px;\">Standardzimmer Gartenseite<\/h3>\n<ul>\n<li style=\"list-style-type: none;\">\n<ul>\n<li style=\"list-style-type: none;\">\n<ul>\n<li>Bis zu 3 Personen (Zusatzbett)<\/li>\n<li>Blick auf den Garten<\/li>\n<li>Dusche<\/li>\n<\/ul>\n<\/li>\n<li style=\"list-style-type: none;\"><\/li>\n<\/ul>\n<\/li>\n<\/ul>\n<p><\/p><\/div>\n<div class=\"six mobile-two columns clearColumn\" style=\"padding-left: 0px;\"><p><\/p>\n<h3 style=\"font-size: 15px;\">Superior-Zimmer C\u00f4t\u00e9 Loire<\/h3>\n<ul>\n<li style=\"list-style-type: none;\">\n<ul>\n<li style=\"list-style-type: none;\">\n<ul>\n<li style=\"list-style-type: none;\">\n<ul>\n<li>Bis zu 3 Personen (Zusatzbett)<\/li>\n<li>Blick auf die Loire<\/li>\n<li>Dusche<\/li>\n<\/ul>\n<\/li>\n<li style=\"list-style-type: none;\"><\/li>\n<\/ul>\n<\/li>\n<\/ul>\n<\/li>\n<\/ul>\n<p><\/p><\/div>\n<p>&nbsp;<\/p>\n<div class=\"six mobile-two columns clearColumn\" style=\"padding-left: 0px;\"><p><\/p>\n<h3 style=\"font-size: 15px;\">Privil\u00e8ge-Zimmer C\u00f4t\u00e9 Loire<\/h3>\n<ul>\n<li style=\"list-style-type: none;\">\n<ul>\n<li style=\"list-style-type: none;\">\n<ul>\n<li style=\"list-style-type: none;\">\n<ul>\n<li style=\"list-style-type: none;\">\n<ul>\n<li>Bis zu 4 Personen (Bett gegen Aufpreis)<\/li>\n<li>Blick auf die Loire<\/li>\n<li>Dusche<\/li>\n<\/ul>\n<\/li>\n<li style=\"list-style-type: none;\"><\/li>\n<\/ul>\n<\/li>\n<\/ul>\n<\/li>\n<\/ul>\n<\/li>\n<\/ul>\n<p><\/p><\/div>\n<p>&nbsp;<\/p>\n<h3 style=\"font-size: 15px; text-align: left;\">Schritt Gesch\u00e4ft<\/h3>\n<ul>\n<li style=\"list-style-type: none;\">\n<ul>\n<li style=\"list-style-type: none;\">\n<ul>\n<li style=\"list-style-type: none;\">\n<ul>\n<li style=\"list-style-type: none;\">\n<ul style=\"font-size: 15px; text-align: left;\">\n<li style=\"list-style-type: none;\">\n<ul style=\"font-size: 15px; text-align: Left;\">\n<li>Nur f\u00fcr Gesch\u00e4ftsleute<br \/>\nmit einer Karte ausgestattet<\/li>\n<\/ul>\n<\/li>\n<li style=\"list-style-type: none;\">\n<\/li>\n<\/ul>\n<\/li>\n<\/ul>\n<\/li>\n<\/ul>\n<\/li>\n<\/ul>\n<\/li>\n<\/ul>\n<p>&nbsp;<\/p>\n<ul>\n<li style=\"list-style-type: none;\">\n<ul>\n<li style=\"list-style-type: none;\">\n<ul>\n<li style=\"list-style-type: none;\">\n<ul>\n<li style=\"list-style-type: none;\">\n<ul style=\"font-size: 15px; text-align: left;\">\n<li style=\"list-style-type: none;\">\n<\/li>\n<\/ul>\n<\/li>\n<\/ul>\n<\/li>\n<\/ul>\n<\/li>\n<\/ul>\n<\/li>\n<\/ul>\n<p>&nbsp;<\/p>\n\n<div class=\"row gallery-space pV0H10\">\n\t<br \/>\n<b>Warning<\/b>: count(): Parameter muss ein Array oder ein Objekt sein, das Countable in implementiert. <b>\/home\/clients\/cc0a713676e1fdb0ab4dbd3fecd5b280\/louis11\/wp-content\/themes\/louis11\/lib\/general.php<\/b> on line <b>510<\/b><br \/>\n\t\t\t<div class=\"six columns mobile-three space-bottom mobile-fullwidth\">\n\t\t\t\t<div class=\"row\">\n\t\t\t\t\t<div class=\"twelve columns pV0H5 gallery_prettyphoto\">\n\t\t\t\t\t\t<a class=\"gallery_2col image\" rel=\"prettyPhoto[gallery2col]\"  href=\"https:\/\/louis11.com\/wp-content\/uploads\/2016\/03\/4.jpg\" title=\"4\">\n\t\t\t\t\t\t\t\t\t\t\t<img decoding=\"async\" src=\"https:\/\/louis11.com\/wp-content\/uploads\/2016\/03\/4-400x250.jpg\" alt=\"4\" title=\"4\"\/>\n\t\t\t\t\t\t\t\t\t\t\t<\/a>\n\t\t\t\t\t<\/div>\n\t\t\t\t<\/div>\n\t\t\t<\/div>                 \n\t\t\t\t\n\t<br \/>\n<b>Warning<\/b>: count(): Parameter muss ein Array oder ein Objekt sein, das Countable in implementiert. <b>\/home\/clients\/cc0a713676e1fdb0ab4dbd3fecd5b280\/louis11\/wp-content\/themes\/louis11\/lib\/general.php<\/b> on line <b>510<\/b><br \/>\n\t\t\t<div class=\"six columns mobile-three space-bottom mobile-fullwidth\">\n\t\t\t\t<div class=\"row\">\n\t\t\t\t\t<div class=\"twelve columns pV0H5 gallery_prettyphoto\">\n\t\t\t\t\t\t<a class=\"gallery_2col image\" rel=\"prettyPhoto[gallery2col]\"  href=\"https:\/\/louis11.com\/wp-content\/uploads\/2016\/03\/28.jpg\" title=\"28\">\n\t\t\t\t\t\t\t\t\t\t\t<img decoding=\"async\" src=\"https:\/\/louis11.com\/wp-content\/uploads\/2016\/03\/28-400x250.jpg\" alt=\"28\" title=\"28\"\/>\n\t\t\t\t\t\t\t\t\t\t\t<\/a>\n\t\t\t\t\t<\/div>\n\t\t\t\t<\/div>\n\t\t\t<\/div>                 \n\t\t\t\t\n\t<br \/>\n<b>Warning<\/b>: count(): Parameter muss ein Array oder ein Objekt sein, das Countable in implementiert. <b>\/home\/clients\/cc0a713676e1fdb0ab4dbd3fecd5b280\/louis11\/wp-content\/themes\/louis11\/lib\/general.php<\/b> on line <b>510<\/b><br \/>\n\t\t\t<div class=\"six columns mobile-three space-bottom mobile-fullwidth\">\n\t\t\t\t<div class=\"row\">\n\t\t\t\t\t<div class=\"twelve columns pV0H5 gallery_prettyphoto\">\n\t\t\t\t\t\t<a class=\"gallery_2col image\" rel=\"prettyPhoto[gallery2col]\"  href=\"https:\/\/louis11.com\/wp-content\/uploads\/2016\/03\/33.jpg\" title=\"33\">\n\t\t\t\t\t\t\t\t\t\t\t<img decoding=\"async\" src=\"https:\/\/louis11.com\/wp-content\/uploads\/2016\/03\/33-400x250.jpg\" alt=\"33\" title=\"33\"\/>\n\t\t\t\t\t\t\t\t\t\t\t<\/a>\n\t\t\t\t\t<\/div>\n\t\t\t\t<\/div>\n\t\t\t<\/div>                 \n\t\t\t\t\n\t<br \/>\n<b>Warning<\/b>: count(): Parameter muss ein Array oder ein Objekt sein, das Countable in implementiert. <b>\/home\/clients\/cc0a713676e1fdb0ab4dbd3fecd5b280\/louis11\/wp-content\/themes\/louis11\/lib\/general.php<\/b> on line <b>510<\/b><br \/>\n\t\t\t<div class=\"six columns mobile-three space-bottom mobile-fullwidth\">\n\t\t\t\t<div class=\"row\">\n\t\t\t\t\t<div class=\"twelve columns pV0H5 gallery_prettyphoto\">\n\t\t\t\t\t\t<a class=\"gallery_2col image\" rel=\"prettyPhoto[gallery2col]\"  href=\"https:\/\/louis11.com\/wp-content\/uploads\/2016\/03\/37.jpg\" title=\"37\">\n\t\t\t\t\t\t\t\t\t\t\t<img decoding=\"async\" src=\"https:\/\/louis11.com\/wp-content\/uploads\/2016\/03\/37-400x250.jpg\" alt=\"37\" title=\"37\"\/>\n\t\t\t\t\t\t\t\t\t\t\t<\/a>\n\t\t\t\t\t<\/div>\n\t\t\t\t<\/div>\n\t\t\t<\/div>                 \n\t\t\t\t\n\t<br \/>\n<b>Warning<\/b>: count(): Parameter muss ein Array oder ein Objekt sein, das Countable in implementiert. <b>\/home\/clients\/cc0a713676e1fdb0ab4dbd3fecd5b280\/louis11\/wp-content\/themes\/louis11\/lib\/general.php<\/b> on line <b>510<\/b><br \/>\n\t\t\t<div class=\"six columns mobile-three space-bottom mobile-fullwidth\">\n\t\t\t\t<div class=\"row\">\n\t\t\t\t\t<div class=\"twelve columns pV0H5 gallery_prettyphoto\">\n\t\t\t\t\t\t<a class=\"gallery_2col image\" rel=\"prettyPhoto[gallery2col]\"  href=\"https:\/\/louis11.com\/wp-content\/uploads\/2016\/03\/40.jpg\" title=\"40\">\n\t\t\t\t\t\t\t\t\t\t\t<img decoding=\"async\" src=\"https:\/\/louis11.com\/wp-content\/uploads\/2016\/03\/40-400x250.jpg\" alt=\"40\" title=\"40\"\/>\n\t\t\t\t\t\t\t\t\t\t\t<\/a>\n\t\t\t\t\t<\/div>\n\t\t\t\t<\/div>\n\t\t\t<\/div>                 \n\t\t\t\t\n\t<br \/>\n<b>Warning<\/b>: count(): Parameter muss ein Array oder ein Objekt sein, das Countable in implementiert. <b>\/home\/clients\/cc0a713676e1fdb0ab4dbd3fecd5b280\/louis11\/wp-content\/themes\/louis11\/lib\/general.php<\/b> on line <b>510<\/b><br \/>\n\t\t\t<div class=\"six columns mobile-three space-bottom mobile-fullwidth\">\n\t\t\t\t<div class=\"row\">\n\t\t\t\t\t<div class=\"twelve columns pV0H5 gallery_prettyphoto\">\n\t\t\t\t\t\t<a class=\"gallery_2col image\" rel=\"prettyPhoto[gallery2col]\"  href=\"https:\/\/louis11.com\/wp-content\/uploads\/2016\/03\/42.jpg\" title=\"42\">\n\t\t\t\t\t\t\t\t\t\t\t<img decoding=\"async\" src=\"https:\/\/louis11.com\/wp-content\/uploads\/2016\/03\/42-400x250.jpg\" alt=\"42\" title=\"42\"\/>\n\t\t\t\t\t\t\t\t\t\t\t<\/a>\n\t\t\t\t\t<\/div>\n\t\t\t\t<\/div>\n\t\t\t<\/div>                 \n\t\t\t\t\n\t<br \/>\n<b>Warning<\/b>: count(): Parameter muss ein Array oder ein Objekt sein, das Countable in implementiert. <b>\/home\/clients\/cc0a713676e1fdb0ab4dbd3fecd5b280\/louis11\/wp-content\/themes\/louis11\/lib\/general.php<\/b> on line <b>510<\/b><br \/>\n\t\t\t<div class=\"six columns mobile-three space-bottom mobile-fullwidth\">\n\t\t\t\t<div class=\"row\">\n\t\t\t\t\t<div class=\"twelve columns pV0H5 gallery_prettyphoto\">\n\t\t\t\t\t\t<a class=\"gallery_2col image\" rel=\"prettyPhoto[gallery2col]\"  href=\"https:\/\/louis11.com\/wp-content\/uploads\/2016\/03\/44.jpg\" title=\"44\">\n\t\t\t\t\t\t\t\t\t\t\t<img decoding=\"async\" src=\"https:\/\/louis11.com\/wp-content\/uploads\/2016\/03\/44-400x250.jpg\" alt=\"44\" title=\"44\"\/>\n\t\t\t\t\t\t\t\t\t\t\t<\/a>\n\t\t\t\t\t<\/div>\n\t\t\t\t<\/div>\n\t\t\t<\/div>                 \n\t\t\t\t\n\t<br \/>\n<b>Warning<\/b>: count(): Parameter muss ein Array oder ein Objekt sein, das Countable in implementiert. <b>\/home\/clients\/cc0a713676e1fdb0ab4dbd3fecd5b280\/louis11\/wp-content\/themes\/louis11\/lib\/general.php<\/b> on line <b>510<\/b><br \/>\n\t\t\t<div class=\"six columns mobile-three space-bottom mobile-fullwidth\">\n\t\t\t\t<div class=\"row\">\n\t\t\t\t\t<div class=\"twelve columns pV0H5 gallery_prettyphoto\">\n\t\t\t\t\t\t<a class=\"gallery_2col image\" rel=\"prettyPhoto[gallery2col]\"  href=\"https:\/\/louis11.com\/wp-content\/uploads\/2016\/03\/47.jpg\" title=\"47\">\n\t\t\t\t\t\t\t\t\t\t\t<img decoding=\"async\" src=\"https:\/\/louis11.com\/wp-content\/uploads\/2016\/03\/47-400x250.jpg\" alt=\"47\" title=\"47\"\/>\n\t\t\t\t\t\t\t\t\t\t\t<\/a>\n\t\t\t\t\t<\/div>\n\t\t\t\t<\/div>\n\t\t\t<\/div>                 \n\t\t\t\t\n\t<br \/>\n<b>Warning<\/b>: count(): Parameter muss ein Array oder ein Objekt sein, das Countable in implementiert. <b>\/home\/clients\/cc0a713676e1fdb0ab4dbd3fecd5b280\/louis11\/wp-content\/themes\/louis11\/lib\/general.php<\/b> on line <b>510<\/b><br \/>\n\t\t\t<div class=\"six columns mobile-three space-bottom mobile-fullwidth\">\n\t\t\t\t<div class=\"row\">\n\t\t\t\t\t<div class=\"twelve columns pV0H5 gallery_prettyphoto\">\n\t\t\t\t\t\t<a class=\"gallery_2col image\" rel=\"prettyPhoto[gallery2col]\"  href=\"https:\/\/louis11.com\/wp-content\/uploads\/2016\/03\/49.jpg\" title=\"49\">\n\t\t\t\t\t\t\t\t\t\t\t<img decoding=\"async\" src=\"https:\/\/louis11.com\/wp-content\/uploads\/2016\/03\/49-400x250.jpg\" alt=\"49\" title=\"49\"\/>\n\t\t\t\t\t\t\t\t\t\t\t<\/a>\n\t\t\t\t\t<\/div>\n\t\t\t\t<\/div>\n\t\t\t<\/div>                 \n\t\t\t\t\n\t\t\n\n<\/div>            \n\n\n<p style=\"text-align: center;\"><a class=\"butn\" href=\"https:\/\/www.secure-direct-hotel-booking.com\/module_booking_engine\/index.php?id_etab=9fdeb4dc42b9ae4c61c9ff7e0b0857b8&langue=francais\" target=\"_blank\">DIE VERF\u00dcGBARKEITEN SEHEN<\/a><\/p>","protected":false},"excerpt":{"rendered":"<p>Wir akzeptieren Bankkarten, Schecks und Bargeld. Wir nehmen keine Urlaubsschecks und Restauranttickets an Etape Affaire Reserviert f\u00fcr Gesch\u00e4ftsleute mit einer [...]].<\/p>","protected":false},"author":1,"featured_media":0,"parent":0,"menu_order":0,"comment_status":"closed","ping_status":"closed","template":"","meta":{"footnotes":""},"yoast_head":"<!-- This site is optimized with the Yoast SEO plugin v22.9 - https:\/\/yoast.com\/wordpress\/plugins\/seo\/ -->\n<title>H\u00f4tel Restaurant Le Relais Louis XI - Tarifs<\/title>\n<meta name=\"description\" content=\"Vous retrouverez sur cette page les tarifs habituellement pratiqu\u00e9s par notre h\u00f4tel \u00e0 Meung sur Loire, ainsi que la description des chambres et suites\" \/>\n<meta name=\"robots\" content=\"index, follow, max-snippet:-1, max-image-preview:large, max-video-preview:-1\" \/>\n<link rel=\"canonical\" href=\"https:\/\/louis11.com\/de\/tarife\/\" \/>\n<meta property=\"og:locale\" content=\"de_DE\" \/>\n<meta property=\"og:type\" content=\"article\" \/>\n<meta property=\"og:title\" content=\"H\u00f4tel Restaurant Le Relais Louis XI - Tarifs\" \/>\n<meta property=\"og:description\" content=\"Vous retrouverez sur cette page les tarifs habituellement pratiqu\u00e9s par notre h\u00f4tel \u00e0 Meung sur Loire, ainsi que la description des chambres et suites\" \/>\n<meta property=\"og:url\" content=\"https:\/\/louis11.com\/de\/tarife\/\" \/>\n<meta property=\"og:site_name\" content=\"H\u00f4tel Restaurant Louis 11 Meung Sur Loire\" \/>\n<meta property=\"article:publisher\" content=\"https:\/\/www.facebook.com\/Le-Relais-Louis-XI-118207564950606\/?fref=ts\" \/>\n<meta property=\"article:modified_time\" content=\"2023-10-25T08:30:06+00:00\" \/>\n<meta name=\"twitter:card\" content=\"summary_large_image\" \/>\n<meta name=\"twitter:label1\" content=\"Gesch\u00e4tzte Lesezeit\" \/>\n\t<meta name=\"twitter:data1\" content=\"1\u00a0Minute\" \/>\n<script type=\"application\/ld+json\" class=\"yoast-schema-graph\">{\"@context\":\"https:\/\/schema.org\",\"@graph\":[{\"@type\":\"WebPage\",\"@id\":\"https:\/\/louis11.com\/tarifs\/\",\"url\":\"https:\/\/louis11.com\/tarifs\/\",\"name\":\"H\u00f4tel Restaurant Le Relais Louis XI - Tarifs\",\"isPartOf\":{\"@id\":\"https:\/\/louis11.com\/#website\"},\"datePublished\":\"2016-03-02T11:33:25+00:00\",\"dateModified\":\"2023-10-25T08:30:06+00:00\",\"description\":\"Vous retrouverez sur cette page les tarifs habituellement pratiqu\u00e9s par notre h\u00f4tel \u00e0 Meung sur Loire, ainsi que la description des chambres et suites\",\"breadcrumb\":{\"@id\":\"https:\/\/louis11.com\/tarifs\/#breadcrumb\"},\"inLanguage\":\"de\",\"potentialAction\":[{\"@type\":\"ReadAction\",\"target\":[\"https:\/\/louis11.com\/tarifs\/\"]}]},{\"@type\":\"BreadcrumbList\",\"@id\":\"https:\/\/louis11.com\/tarifs\/#breadcrumb\",\"itemListElement\":[{\"@type\":\"ListItem\",\"position\":1,\"name\":\"Accueil\",\"item\":\"https:\/\/louis11.com\/hotel-restaurant-relais-louis-11-meung-loire\/\"},{\"@type\":\"ListItem\",\"position\":2,\"name\":\"Tarifs\"}]},{\"@type\":\"WebSite\",\"@id\":\"https:\/\/louis11.com\/#website\",\"url\":\"https:\/\/louis11.com\/\",\"name\":\"H\u00f4tel Restaurant Louis 11 Meung Sur Loire\",\"description\":\"h\u00f4tel restaurant \u00e0 Meung sur Loire\",\"potentialAction\":[{\"@type\":\"SearchAction\",\"target\":{\"@type\":\"EntryPoint\",\"urlTemplate\":\"https:\/\/louis11.com\/?s={search_term_string}\"},\"query-input\":\"required name=search_term_string\"}],\"inLanguage\":\"de\"}]}<\/script>\n<!-- \/ Yoast SEO plugin. -->","yoast_head_json":{"title":"H\u00f4tel Restaurant Le Relais Louis XI - Tarifs","description":"Vous retrouverez sur cette page les tarifs habituellement pratiqu\u00e9s par notre h\u00f4tel \u00e0 Meung sur Loire, ainsi que la description des chambres et suites","robots":{"index":"index","follow":"follow","max-snippet":"max-snippet:-1","max-image-preview":"max-image-preview:large","max-video-preview":"max-video-preview:-1"},"canonical":"https:\/\/louis11.com\/de\/tarife\/","og_locale":"de_DE","og_type":"article","og_title":"H\u00f4tel Restaurant Le Relais Louis XI - Tarifs","og_description":"Vous retrouverez sur cette page les tarifs habituellement pratiqu\u00e9s par notre h\u00f4tel \u00e0 Meung sur Loire, ainsi que la description des chambres et suites","og_url":"https:\/\/louis11.com\/de\/tarife\/","og_site_name":"H\u00f4tel Restaurant Louis 11 Meung Sur Loire","article_publisher":"https:\/\/www.facebook.com\/Le-Relais-Louis-XI-118207564950606\/?fref=ts","article_modified_time":"2023-10-25T08:30:06+00:00","twitter_card":"summary_large_image","twitter_misc":{"Gesch\u00e4tzte Lesezeit":"1\u00a0Minute"},"schema":{"@context":"https:\/\/schema.org","@graph":[{"@type":"WebPage","@id":"https:\/\/louis11.com\/tarifs\/","url":"https:\/\/louis11.com\/tarifs\/","name":"H\u00f4tel Restaurant Le Relais Louis XI - Tarifs","isPartOf":{"@id":"https:\/\/louis11.com\/#website"},"datePublished":"2016-03-02T11:33:25+00:00","dateModified":"2023-10-25T08:30:06+00:00","description":"Vous retrouverez sur cette page les tarifs habituellement pratiqu\u00e9s par notre h\u00f4tel \u00e0 Meung sur Loire, ainsi que la description des chambres et suites","breadcrumb":{"@id":"https:\/\/louis11.com\/tarifs\/#breadcrumb"},"inLanguage":"de","potentialAction":[{"@type":"ReadAction","target":["https:\/\/louis11.com\/tarifs\/"]}]},{"@type":"BreadcrumbList","@id":"https:\/\/louis11.com\/tarifs\/#breadcrumb","itemListElement":[{"@type":"ListItem","position":1,"name":"Accueil","item":"https:\/\/louis11.com\/hotel-restaurant-relais-louis-11-meung-loire\/"},{"@type":"ListItem","position":2,"name":"Tarifs"}]},{"@type":"WebSite","@id":"https:\/\/louis11.com\/#website","url":"https:\/\/louis11.com\/","name":"H\u00f4tel Restaurant Louis 11 Meung Sur Loire","description":"h\u00f4tel restaurant \u00e0 Meung sur Loire","potentialAction":[{"@type":"SearchAction","target":{"@type":"EntryPoint","urlTemplate":"https:\/\/louis11.com\/?s={search_term_string}"},"query-input":"required name=search_term_string"}],"inLanguage":"de"}]}},"_links":{"self":[{"href":"https:\/\/louis11.com\/de\/wp-json\/wp\/v2\/pages\/17"}],"collection":[{"href":"https:\/\/louis11.com\/de\/wp-json\/wp\/v2\/pages"}],"about":[{"href":"https:\/\/louis11.com\/de\/wp-json\/wp\/v2\/types\/page"}],"author":[{"embeddable":true,"href":"https:\/\/louis11.com\/de\/wp-json\/wp\/v2\/users\/1"}],"replies":[{"embeddable":true,"href":"https:\/\/louis11.com\/de\/wp-json\/wp\/v2\/comments?post=17"}],"version-history":[{"count":3,"href":"https:\/\/louis11.com\/de\/wp-json\/wp\/v2\/pages\/17\/revisions"}],"predecessor-version":[{"id":1061,"href":"https:\/\/louis11.com\/de\/wp-json\/wp\/v2\/pages\/17\/revisions\/1061"}],"wp:attachment":[{"href":"https:\/\/louis11.com\/de\/wp-json\/wp\/v2\/media?parent=17"}],"curies":[{"name":"wp","href":"https:\/\/api.w.org\/{rel}","templated":true}]}}