
{"id":15,"date":"2016-03-02T12:33:12","date_gmt":"2016-03-02T11:33:12","guid":{"rendered":"http:\/\/louis11.com\/?page_id=15"},"modified":"2025-09-04T10:34:17","modified_gmt":"2025-09-04T09:34:17","slug":"restaurant","status":"publish","type":"page","link":"https:\/\/louis11.com\/de\/restaurant\/","title":{"rendered":"Restaurant"},"content":{"rendered":"<p style=\"text-align: center;\"><div class=\"eight mobile-eight columns\" style=\"padding-left: 0px;\"><p><br \/>\n<a href=\"\/wp-content\/uploads\/2016\/03\/0004.jpg\" rel=\"attachment wp-att-94\"><img loading=\"lazy\" decoding=\"async\" class=\"wp-image-94\" src=\"\/wp-content\/uploads\/2016\/03\/0004.jpg\" alt=\"0004\" width=\"212\" height=\"318\" srcset=\"https:\/\/louis11.com\/wp-content\/uploads\/2016\/03\/0004.jpg 1000w, https:\/\/louis11.com\/wp-content\/uploads\/2016\/03\/0004-200x300.jpg 200w, https:\/\/louis11.com\/wp-content\/uploads\/2016\/03\/0004-768x1152.jpg 768w, https:\/\/louis11.com\/wp-content\/uploads\/2016\/03\/0004-683x1024.jpg 683w\" sizes=\"(max-width: 212px) 100vw, 212px\" \/>\u00a0\u00a0<\/a><a href=\"\/wp-content\/uploads\/2016\/03\/MG_6831.jpg\" rel=\"attachment wp-att-90\"><img loading=\"lazy\" decoding=\"async\" class=\"alignnone wp-image-90\" src=\"\/wp-content\/uploads\/2016\/03\/MG_6831-200x300.jpg\" alt=\"_MG_6831\" width=\"212\" height=\"318\" srcset=\"https:\/\/louis11.com\/wp-content\/uploads\/2016\/03\/MG_6831-200x300.jpg 200w, https:\/\/louis11.com\/wp-content\/uploads\/2016\/03\/MG_6831-768x1152.jpg 768w, https:\/\/louis11.com\/wp-content\/uploads\/2016\/03\/MG_6831-683x1024.jpg 683w, https:\/\/louis11.com\/wp-content\/uploads\/2016\/03\/MG_6831.jpg 1000w\" sizes=\"(max-width: 212px) 100vw, 212px\" \/><\/a><a href=\"\/wp-content\/uploads\/2016\/03\/MG_6831.jpg\" rel=\"attachment wp-att-90\">\u00a0<\/a><\/p><\/div><\/p>\n<div class=\"four mobile-four columns\"  style=\"padding-left: 0px;\"><p><\/p>\n<div style=\"border: solid 2px white;\">\n<p style=\"text-align: center;\"><strong>Unser Restaurant<\/strong><\/p>\n<p style=\"text-align: center;\">W\u00e4hrend der Saison: Montag bis Sonntag abends au\u00dfer Dienstagmittag, Mittwochmittag und Donnerstag den ganzen Tag. 12:00 bis 13:30 Uhr und von 19:00 bis 20:30 Uhr.<\/p>\n<p style=\"text-align: center;\">RESTAURANT GESCHLOSSEN AB 01.11.2025 WEGEN JAHRESURLAUB<\/p>\n<\/div>\n<p><\/p><\/div>\n<p class=\"p1\" style=\"text-align: center;\">Entdecken Sie das Restaurant und seine traditionelle K\u00fcche mit saisonalen Produkten!<\/p>\n<p style=\"text-align: center;\"><a class=\"btnlouis\" href=\"https:\/\/louis11.com\/wp-content\/uploads\/2024\/09\/20240909165056415.pdf\">DIE KARTE ENTDECKEN<\/a><\/p>","protected":false},"excerpt":{"rendered":"<p>Entdecken Sie das Restaurant und seine traditionelle K\u00fcche mit saisonalen Produkten. DIE SPEISEKARTE ENTDECKEN<\/p>","protected":false},"author":1,"featured_media":0,"parent":0,"menu_order":0,"comment_status":"closed","ping_status":"closed","template":"","meta":{"footnotes":""},"yoast_head":"<!-- This site is optimized with the Yoast SEO plugin v22.9 - https:\/\/yoast.com\/wordpress\/plugins\/seo\/ -->\n<title>H\u00f4tel Restaurant Le Relais Louis XI - Restaurant<\/title>\n<meta name=\"description\" content=\"Toutes les informations concernant notre Restaurant, faisant partie de notre h\u00f4tel \u00e0 Meung sur Loire dans la r\u00e9gion Centre - Val de Loire\" \/>\n<meta name=\"robots\" content=\"index, follow, max-snippet:-1, max-image-preview:large, max-video-preview:-1\" \/>\n<link rel=\"canonical\" href=\"https:\/\/louis11.com\/de\/restaurant\/\" \/>\n<meta property=\"og:locale\" content=\"de_DE\" \/>\n<meta property=\"og:type\" content=\"article\" \/>\n<meta property=\"og:title\" content=\"H\u00f4tel Restaurant Le Relais Louis XI - Restaurant\" \/>\n<meta property=\"og:description\" content=\"Toutes les informations concernant notre Restaurant, faisant partie de notre h\u00f4tel \u00e0 Meung sur Loire dans la r\u00e9gion Centre - Val de Loire\" \/>\n<meta property=\"og:url\" content=\"https:\/\/louis11.com\/de\/restaurant\/\" \/>\n<meta property=\"og:site_name\" content=\"H\u00f4tel Restaurant Louis 11 Meung Sur Loire\" \/>\n<meta property=\"article:publisher\" content=\"https:\/\/www.facebook.com\/Le-Relais-Louis-XI-118207564950606\/?fref=ts\" \/>\n<meta property=\"article:modified_time\" content=\"2025-09-04T09:34:17+00:00\" \/>\n<meta name=\"twitter:card\" content=\"summary_large_image\" \/>\n<meta name=\"twitter:label1\" content=\"Gesch\u00e4tzte Lesezeit\" \/>\n\t<meta name=\"twitter:data1\" content=\"1\u00a0Minute\" \/>\n<script type=\"application\/ld+json\" class=\"yoast-schema-graph\">{\"@context\":\"https:\/\/schema.org\",\"@graph\":[{\"@type\":\"WebPage\",\"@id\":\"https:\/\/louis11.com\/restaurant\/\",\"url\":\"https:\/\/louis11.com\/restaurant\/\",\"name\":\"H\u00f4tel Restaurant Le Relais Louis XI - Restaurant\",\"isPartOf\":{\"@id\":\"https:\/\/louis11.com\/#website\"},\"datePublished\":\"2016-03-02T11:33:12+00:00\",\"dateModified\":\"2025-09-04T09:34:17+00:00\",\"description\":\"Toutes les informations concernant notre Restaurant, faisant partie de notre h\u00f4tel \u00e0 Meung sur Loire dans la r\u00e9gion Centre - Val de Loire\",\"breadcrumb\":{\"@id\":\"https:\/\/louis11.com\/restaurant\/#breadcrumb\"},\"inLanguage\":\"de\",\"potentialAction\":[{\"@type\":\"ReadAction\",\"target\":[\"https:\/\/louis11.com\/restaurant\/\"]}]},{\"@type\":\"BreadcrumbList\",\"@id\":\"https:\/\/louis11.com\/restaurant\/#breadcrumb\",\"itemListElement\":[{\"@type\":\"ListItem\",\"position\":1,\"name\":\"Accueil\",\"item\":\"https:\/\/louis11.com\/hotel-restaurant-relais-louis-11-meung-loire\/\"},{\"@type\":\"ListItem\",\"position\":2,\"name\":\"Restaurant\"}]},{\"@type\":\"WebSite\",\"@id\":\"https:\/\/louis11.com\/#website\",\"url\":\"https:\/\/louis11.com\/\",\"name\":\"H\u00f4tel Restaurant Louis 11 Meung Sur Loire\",\"description\":\"h\u00f4tel restaurant \u00e0 Meung sur Loire\",\"potentialAction\":[{\"@type\":\"SearchAction\",\"target\":{\"@type\":\"EntryPoint\",\"urlTemplate\":\"https:\/\/louis11.com\/?s={search_term_string}\"},\"query-input\":\"required name=search_term_string\"}],\"inLanguage\":\"de\"}]}<\/script>\n<!-- \/ Yoast SEO plugin. -->","yoast_head_json":{"title":"H\u00f4tel Restaurant Le Relais Louis XI - Restaurant","description":"Toutes les informations concernant notre Restaurant, faisant partie de notre h\u00f4tel \u00e0 Meung sur Loire dans la r\u00e9gion Centre - Val de Loire","robots":{"index":"index","follow":"follow","max-snippet":"max-snippet:-1","max-image-preview":"max-image-preview:large","max-video-preview":"max-video-preview:-1"},"canonical":"https:\/\/louis11.com\/de\/restaurant\/","og_locale":"de_DE","og_type":"article","og_title":"H\u00f4tel Restaurant Le Relais Louis XI - Restaurant","og_description":"Toutes les informations concernant notre Restaurant, faisant partie de notre h\u00f4tel \u00e0 Meung sur Loire dans la r\u00e9gion Centre - Val de Loire","og_url":"https:\/\/louis11.com\/de\/restaurant\/","og_site_name":"H\u00f4tel Restaurant Louis 11 Meung Sur Loire","article_publisher":"https:\/\/www.facebook.com\/Le-Relais-Louis-XI-118207564950606\/?fref=ts","article_modified_time":"2025-09-04T09:34:17+00:00","twitter_card":"summary_large_image","twitter_misc":{"Gesch\u00e4tzte Lesezeit":"1\u00a0Minute"},"schema":{"@context":"https:\/\/schema.org","@graph":[{"@type":"WebPage","@id":"https:\/\/louis11.com\/restaurant\/","url":"https:\/\/louis11.com\/restaurant\/","name":"H\u00f4tel Restaurant Le Relais Louis XI - Restaurant","isPartOf":{"@id":"https:\/\/louis11.com\/#website"},"datePublished":"2016-03-02T11:33:12+00:00","dateModified":"2025-09-04T09:34:17+00:00","description":"Toutes les informations concernant notre Restaurant, faisant partie de notre h\u00f4tel \u00e0 Meung sur Loire dans la r\u00e9gion Centre - Val de Loire","breadcrumb":{"@id":"https:\/\/louis11.com\/restaurant\/#breadcrumb"},"inLanguage":"de","potentialAction":[{"@type":"ReadAction","target":["https:\/\/louis11.com\/restaurant\/"]}]},{"@type":"BreadcrumbList","@id":"https:\/\/louis11.com\/restaurant\/#breadcrumb","itemListElement":[{"@type":"ListItem","position":1,"name":"Accueil","item":"https:\/\/louis11.com\/hotel-restaurant-relais-louis-11-meung-loire\/"},{"@type":"ListItem","position":2,"name":"Restaurant"}]},{"@type":"WebSite","@id":"https:\/\/louis11.com\/#website","url":"https:\/\/louis11.com\/","name":"H\u00f4tel Restaurant Louis 11 Meung Sur Loire","description":"h\u00f4tel restaurant \u00e0 Meung sur Loire","potentialAction":[{"@type":"SearchAction","target":{"@type":"EntryPoint","urlTemplate":"https:\/\/louis11.com\/?s={search_term_string}"},"query-input":"required name=search_term_string"}],"inLanguage":"de"}]}},"_links":{"self":[{"href":"https:\/\/louis11.com\/de\/wp-json\/wp\/v2\/pages\/15"}],"collection":[{"href":"https:\/\/louis11.com\/de\/wp-json\/wp\/v2\/pages"}],"about":[{"href":"https:\/\/louis11.com\/de\/wp-json\/wp\/v2\/types\/page"}],"author":[{"embeddable":true,"href":"https:\/\/louis11.com\/de\/wp-json\/wp\/v2\/users\/1"}],"replies":[{"embeddable":true,"href":"https:\/\/louis11.com\/de\/wp-json\/wp\/v2\/comments?post=15"}],"version-history":[{"count":16,"href":"https:\/\/louis11.com\/de\/wp-json\/wp\/v2\/pages\/15\/revisions"}],"predecessor-version":[{"id":1139,"href":"https:\/\/louis11.com\/de\/wp-json\/wp\/v2\/pages\/15\/revisions\/1139"}],"wp:attachment":[{"href":"https:\/\/louis11.com\/de\/wp-json\/wp\/v2\/media?parent=15"}],"curies":[{"name":"wp","href":"https:\/\/api.w.org\/{rel}","templated":true}]}}