
{"id":11,"date":"2016-03-02T12:32:42","date_gmt":"2016-03-02T11:32:42","guid":{"rendered":"http:\/\/louis11.com\/?page_id=11"},"modified":"2023-10-25T09:22:57","modified_gmt":"2023-10-25T08:22:57","slug":"hotel","status":"publish","type":"page","link":"https:\/\/louis11.com\/de\/hotel\/","title":{"rendered":"Das Hotel und seine Geschichte"},"content":{"rendered":"<div style=\"padding: 5%; text-align: center;\">\n<p><iframe loading=\"lazy\" title=\"hotel restaurant le Louis XI\" width=\"500\" height=\"281\" src=\"https:\/\/www.youtube.com\/embed\/zZ4QoakKy28?feature=oembed\" frameborder=\"0\" allow=\"accelerometer; autoplay; clipboard-write; encrypted-media; gyroscope; picture-in-picture; web-share\" referrerpolicy=\"strict-origin-when-cross-origin\" allowfullscreen><\/iframe><\/p>\n<\/div>\n<p><a href=\"\/wp-content\/uploads\/2016\/03\/2016-03-01-17.06.05.jpg\" rel=\"attachment wp-att-716\"><img loading=\"lazy\" decoding=\"async\" class=\"wp-image-716 alignright\" src=\"\/wp-content\/uploads\/2016\/03\/2016-03-01-17.06.05.jpg\" alt=\"Relais louis XI\" width=\"150\" height=\"205\" \/><\/a><a href=\"\/wp-content\/uploads\/2016\/03\/IMG_6293.jpg\"><img loading=\"lazy\" decoding=\"async\" class=\"alignright wp-image-194\" src=\"\/wp-content\/uploads\/2016\/03\/IMG_6293-200x300.jpg\" alt=\"\" width=\"150\" height=\"205\" \/><br \/>\n<\/a><\/p>\n<div style=\"padding-left: 5%; padding-right: 5%; padding-bottom: 5%; text-align: justify;\">\n<p>Unsere ritterliche Unterkunft liegt am Ufer der Loire in der N\u00e4he von Blois und hat eine ungew\u00f6hnliche Geschichte.<br \/>\nBevor es zu dem Hotel de Charme wurde, das wir heute kennen, war das Relais w\u00e4hrend des 100-j\u00e4hrigen Krieges ein besonders strategischer Ort. Es wurde von den Engl\u00e4ndern, die es besetzt hatten, rehabilitiert und diente K\u00f6nig Johann dem Guten auf seinem Weg nach Poitiers als Unterkunft.<br \/>\nAn diesem Ort zwischen Orl\u00e9ans und Beaugency wurde den Engl\u00e4ndern auch der Weg abgeschnitten, als Jeanne d'Arc Anfang des 15. Jahrhunderts mit ihren Truppen das Gasthaus besetzte. Einige \u00dcberreste der Auseinandersetzung, die auf der Br\u00fccke \u00fcber die Loire stattfand, sind noch heute erkennbar.<\/p>\n<p>Erst Ende des 15. Jahrhunderts richtete der franz\u00f6sische K\u00f6nig Ludwig XI. hier seinen pers\u00f6nlichen Stall und ein Nebengeb\u00e4ude ein, um Marsch\u00e4lle, Pferde, Knappen und sich selbst unterzubringen. Er schlief dort eines Nachts w\u00e4hrend eines Blitzbesuches. Ludwig XI. liebte besonders die Basilika von Cl\u00e9ry St. Andr\u00e9, wo er schlie\u00dflich auch begraben wurde.<\/p>\n<p>Die Unterkunft verlor ihren Status als Stall und wurde ganz zu Beginn des 17. Jahrhunderts unter der Herrschaft von Heinrich IV. zu einem echten Relais.<\/p>\n<p><a href=\"\/wp-content\/uploads\/2016\/03\/EN-BASl.jpg\" rel=\"attachment wp-att-717\"><img loading=\"lazy\" decoding=\"async\" class=\"wp-image-717 aligncenter\" src=\"\/wp-content\/uploads\/2016\/03\/EN-BASl.jpg\" alt=\"IN BASl\" width=\"792\" height=\"237\" srcset=\"https:\/\/louis11.com\/wp-content\/uploads\/2016\/03\/EN-BASl.jpg 2000w, https:\/\/louis11.com\/wp-content\/uploads\/2016\/03\/EN-BASl-300x90.jpg 300w, https:\/\/louis11.com\/wp-content\/uploads\/2016\/03\/EN-BASl-768x229.jpg 768w, https:\/\/louis11.com\/wp-content\/uploads\/2016\/03\/EN-BASl-1024x306.jpg 1024w\" sizes=\"(max-width: 792px) 100vw, 792px\" \/><\/a><\/p>\n<p><img loading=\"lazy\" decoding=\"async\" class=\"unpeuplusadroite alignleft wp-image-231\" style=\"text-align: center !important;\" src=\"\/wp-content\/uploads\/2016\/03\/20150601103632-300x116.png\" alt=\"Logo logis relais Louis 11\" width=\"194\" height=\"75\" srcset=\"https:\/\/louis11.com\/wp-content\/uploads\/2016\/03\/20150601103632-300x116.png 300w, https:\/\/louis11.com\/wp-content\/uploads\/2016\/03\/20150601103632-460x180.png 460w, https:\/\/louis11.com\/wp-content\/uploads\/2016\/03\/20150601103632.png 500w\" sizes=\"(max-width: 194px) 100vw, 194px\" \/><\/p>\n<p>&nbsp;<\/p>\n<\/div>","protected":false},"excerpt":{"rendered":"<p>Unsere ritterliche Unterkunft befindet sich am Ufer der Loire in der N\u00e4he von Blois und hat eine ungew\u00f6hnliche Geschichte. Bevor sie sich in das sp\u00e4tere Hotel de Charme verwandelte, das wir [...]].<\/p>","protected":false},"author":1,"featured_media":0,"parent":0,"menu_order":0,"comment_status":"closed","ping_status":"closed","template":"","meta":{"footnotes":""},"yoast_head":"<!-- This site is optimized with the Yoast SEO plugin v22.9 - https:\/\/yoast.com\/wordpress\/plugins\/seo\/ -->\n<title>H\u00f4tel Restaurant Le Relais Louis XI - l&#039;H\u00f4tel et son histoire<\/title>\n<meta name=\"description\" content=\"Le Relais Louis XI a une histoire peu commune. H\u00e9bergement royal sur la Loire en son temps, il a aussi accueilli Jeanne d&#039;Arc et a vu plusieurs guerres!\" \/>\n<meta name=\"robots\" content=\"index, follow, max-snippet:-1, max-image-preview:large, max-video-preview:-1\" \/>\n<link rel=\"canonical\" href=\"https:\/\/louis11.com\/de\/hotel\/\" \/>\n<meta property=\"og:locale\" content=\"de_DE\" \/>\n<meta property=\"og:type\" content=\"article\" \/>\n<meta property=\"og:title\" content=\"H\u00f4tel Restaurant Le Relais Louis XI - l&#039;H\u00f4tel et son histoire\" \/>\n<meta property=\"og:description\" content=\"Le Relais Louis XI a une histoire peu commune. H\u00e9bergement royal sur la Loire en son temps, il a aussi accueilli Jeanne d&#039;Arc et a vu plusieurs guerres!\" \/>\n<meta property=\"og:url\" content=\"https:\/\/louis11.com\/de\/hotel\/\" \/>\n<meta property=\"og:site_name\" content=\"H\u00f4tel Restaurant Louis 11 Meung Sur Loire\" \/>\n<meta property=\"article:publisher\" content=\"https:\/\/www.facebook.com\/Le-Relais-Louis-XI-118207564950606\/?fref=ts\" \/>\n<meta property=\"article:modified_time\" content=\"2023-10-25T08:22:57+00:00\" \/>\n<meta name=\"twitter:card\" content=\"summary_large_image\" \/>\n<meta name=\"twitter:label1\" content=\"Gesch\u00e4tzte Lesezeit\" \/>\n\t<meta name=\"twitter:data1\" content=\"1\u00a0Minute\" \/>\n<script type=\"application\/ld+json\" class=\"yoast-schema-graph\">{\"@context\":\"https:\/\/schema.org\",\"@graph\":[{\"@type\":\"WebPage\",\"@id\":\"https:\/\/louis11.com\/hotel\/\",\"url\":\"https:\/\/louis11.com\/hotel\/\",\"name\":\"H\u00f4tel Restaurant Le Relais Louis XI - l'H\u00f4tel et son histoire\",\"isPartOf\":{\"@id\":\"https:\/\/louis11.com\/#website\"},\"datePublished\":\"2016-03-02T11:32:42+00:00\",\"dateModified\":\"2023-10-25T08:22:57+00:00\",\"description\":\"Le Relais Louis XI a une histoire peu commune. H\u00e9bergement royal sur la Loire en son temps, il a aussi accueilli Jeanne d'Arc et a vu plusieurs guerres!\",\"breadcrumb\":{\"@id\":\"https:\/\/louis11.com\/hotel\/#breadcrumb\"},\"inLanguage\":\"de\",\"potentialAction\":[{\"@type\":\"ReadAction\",\"target\":[\"https:\/\/louis11.com\/hotel\/\"]}]},{\"@type\":\"BreadcrumbList\",\"@id\":\"https:\/\/louis11.com\/hotel\/#breadcrumb\",\"itemListElement\":[{\"@type\":\"ListItem\",\"position\":1,\"name\":\"Accueil\",\"item\":\"https:\/\/louis11.com\/hotel-restaurant-relais-louis-11-meung-loire\/\"},{\"@type\":\"ListItem\",\"position\":2,\"name\":\"L&rsquo;h\u00f4tel et son histoire\"}]},{\"@type\":\"WebSite\",\"@id\":\"https:\/\/louis11.com\/#website\",\"url\":\"https:\/\/louis11.com\/\",\"name\":\"H\u00f4tel Restaurant Louis 11 Meung Sur Loire\",\"description\":\"h\u00f4tel restaurant \u00e0 Meung sur Loire\",\"potentialAction\":[{\"@type\":\"SearchAction\",\"target\":{\"@type\":\"EntryPoint\",\"urlTemplate\":\"https:\/\/louis11.com\/?s={search_term_string}\"},\"query-input\":\"required name=search_term_string\"}],\"inLanguage\":\"de\"}]}<\/script>\n<!-- \/ Yoast SEO plugin. -->","yoast_head_json":{"title":"H\u00f4tel Restaurant Le Relais Louis XI - l'H\u00f4tel et son histoire","description":"Le Relais Louis XI a une histoire peu commune. H\u00e9bergement royal sur la Loire en son temps, il a aussi accueilli Jeanne d'Arc et a vu plusieurs guerres!","robots":{"index":"index","follow":"follow","max-snippet":"max-snippet:-1","max-image-preview":"max-image-preview:large","max-video-preview":"max-video-preview:-1"},"canonical":"https:\/\/louis11.com\/de\/hotel\/","og_locale":"de_DE","og_type":"article","og_title":"H\u00f4tel Restaurant Le Relais Louis XI - l'H\u00f4tel et son histoire","og_description":"Le Relais Louis XI a une histoire peu commune. H\u00e9bergement royal sur la Loire en son temps, il a aussi accueilli Jeanne d'Arc et a vu plusieurs guerres!","og_url":"https:\/\/louis11.com\/de\/hotel\/","og_site_name":"H\u00f4tel Restaurant Louis 11 Meung Sur Loire","article_publisher":"https:\/\/www.facebook.com\/Le-Relais-Louis-XI-118207564950606\/?fref=ts","article_modified_time":"2023-10-25T08:22:57+00:00","twitter_card":"summary_large_image","twitter_misc":{"Gesch\u00e4tzte Lesezeit":"1\u00a0Minute"},"schema":{"@context":"https:\/\/schema.org","@graph":[{"@type":"WebPage","@id":"https:\/\/louis11.com\/hotel\/","url":"https:\/\/louis11.com\/hotel\/","name":"H\u00f4tel Restaurant Le Relais Louis XI - l'H\u00f4tel et son histoire","isPartOf":{"@id":"https:\/\/louis11.com\/#website"},"datePublished":"2016-03-02T11:32:42+00:00","dateModified":"2023-10-25T08:22:57+00:00","description":"Le Relais Louis XI a une histoire peu commune. H\u00e9bergement royal sur la Loire en son temps, il a aussi accueilli Jeanne d'Arc et a vu plusieurs guerres!","breadcrumb":{"@id":"https:\/\/louis11.com\/hotel\/#breadcrumb"},"inLanguage":"de","potentialAction":[{"@type":"ReadAction","target":["https:\/\/louis11.com\/hotel\/"]}]},{"@type":"BreadcrumbList","@id":"https:\/\/louis11.com\/hotel\/#breadcrumb","itemListElement":[{"@type":"ListItem","position":1,"name":"Accueil","item":"https:\/\/louis11.com\/hotel-restaurant-relais-louis-11-meung-loire\/"},{"@type":"ListItem","position":2,"name":"L&rsquo;h\u00f4tel et son histoire"}]},{"@type":"WebSite","@id":"https:\/\/louis11.com\/#website","url":"https:\/\/louis11.com\/","name":"H\u00f4tel Restaurant Louis 11 Meung Sur Loire","description":"h\u00f4tel restaurant \u00e0 Meung sur Loire","potentialAction":[{"@type":"SearchAction","target":{"@type":"EntryPoint","urlTemplate":"https:\/\/louis11.com\/?s={search_term_string}"},"query-input":"required name=search_term_string"}],"inLanguage":"de"}]}},"_links":{"self":[{"href":"https:\/\/louis11.com\/de\/wp-json\/wp\/v2\/pages\/11"}],"collection":[{"href":"https:\/\/louis11.com\/de\/wp-json\/wp\/v2\/pages"}],"about":[{"href":"https:\/\/louis11.com\/de\/wp-json\/wp\/v2\/types\/page"}],"author":[{"embeddable":true,"href":"https:\/\/louis11.com\/de\/wp-json\/wp\/v2\/users\/1"}],"replies":[{"embeddable":true,"href":"https:\/\/louis11.com\/de\/wp-json\/wp\/v2\/comments?post=11"}],"version-history":[{"count":2,"href":"https:\/\/louis11.com\/de\/wp-json\/wp\/v2\/pages\/11\/revisions"}],"predecessor-version":[{"id":1047,"href":"https:\/\/louis11.com\/de\/wp-json\/wp\/v2\/pages\/11\/revisions\/1047"}],"wp:attachment":[{"href":"https:\/\/louis11.com\/de\/wp-json\/wp\/v2\/media?parent=11"}],"curies":[{"name":"wp","href":"https:\/\/api.w.org\/{rel}","templated":true}]}}